{"id":496,"date":"2026-03-02T19:57:06","date_gmt":"2026-03-02T19:57:06","guid":{"rendered":"https:\/\/2026.optionalternative.org\/a-propos-ang\/"},"modified":"2026-03-10T17:22:57","modified_gmt":"2026-03-10T17:22:57","slug":"about-us","status":"publish","type":"page","link":"https:\/\/2026.optionalternative.org\/en\/about-us\/","title":{"rendered":"About us"},"content":{"rendered":"<div id=\"cs-content\" class=\"cs-content\"><div class=\"x-section e496-e1 mds-0\"><div class=\"x-row x-container max width e496-e2 mds-2 mds-3 mds-1 x-effect-exit\" data-x-effect=\"{&quot;scroll&quot;:true,&quot;offsetTop&quot;:&quot;10%&quot;,&quot;offsetBottom&quot;:&quot;10%&quot;,&quot;behaviorScroll&quot;:&quot;fire-once&quot;,&quot;animationEnter&quot;:&quot;fadeInDown&quot;,&quot;animationExit&quot;:&quot;rollOut&quot;}\"><div class=\"x-row-inner\"><div class=\"x-col e496-e3 mds-4\"><div class=\"x-text x-text-headline e496-e4 mds-5\"><div class=\"x-text-content\"><div class=\"x-text-content-text\"><h1 class=\"x-text-content-text-primary\">About us<\/h1>\n<\/div><\/div><\/div><div class=\"x-text x-content e496-e5 mds-6\"><p>Option is a community organization founded in 1987. Nous avons pour mission d\u2019offrir des services de soutien, de suivi et de psychoth\u00e9rapie aux adultes, hommes et femmes, ayant des comportements violents dans un <strong>contexte conjugal et familial.<\/strong> Nous offrons des services en fran\u00e7ais et certains de ces services sont offerts en anglais ou avec un interpr\u00e8te. Les intervenant(e)s d\u2019Option accompagnent ces personnes dans leur r\u00e9flexion sur ce qui les am\u00e8ne \u00e0 user de violence ainsi que dans leur d\u00e9marche pour trouver des alternatives \u00e0 cette violence, et ce, en tenant compte du v\u00e9cu sp\u00e9cifique de chacune d\u2019elles.<\/p>\n<p>Option offre de la formation et de la supervision aux professionnel(le)s qui travaillent d\u00e9j\u00e0 aupr\u00e8s de cette client\u00e8le ou qui d\u00e9sirent d\u00e9velopper une expertise dans l\u2019intervention aupr\u00e8s des personnes ayant des comportements violents dans le couple et la famille.<\/p><\/div><\/div><\/div><\/div><\/div><\/div>","protected":false},"excerpt":{"rendered":"<p>About us Option is a community organization founded in 1987. Nous avons pour mission d\u2019offrir des services de soutien, de suivi et de psychoth\u00e9rapie aux adultes, hommes et femmes, ayant des comportements violents dans un contexte conjugal et familial. Nous offrons des services en fran\u00e7ais et certains de ces services sont offerts en anglais ou avec un interpr\u00e8te. Les intervenant(e)s &#8230; <\/p>\n<div><a href=\"https:\/\/2026.optionalternative.org\/en\/about-us\/\" class=\"more-link\">Read More<\/a><\/div>\n","protected":false},"author":1,"featured_media":0,"parent":0,"menu_order":0,"comment_status":"closed","ping_status":"closed","template":"template-blank-4.php","meta":{"footnotes":""},"class_list":["post-496","page","type-page","status-publish","hentry","no-post-thumbnail"],"yoast_head":"<!-- This site is optimized with the Yoast SEO plugin v27.2 - https:\/\/yoast.com\/product\/yoast-seo-wordpress\/ -->\n<title>About us - Option Alternative<\/title>\n<meta name=\"robots\" content=\"index, follow, max-snippet:-1, max-image-preview:large, max-video-preview:-1\" \/>\n<link rel=\"canonical\" href=\"https:\/\/2026.optionalternative.org\/en\/about-us\/\" \/>\n<meta property=\"og:locale\" content=\"en_US\" \/>\n<meta property=\"og:type\" content=\"article\" \/>\n<meta property=\"og:title\" content=\"About us - Option Alternative\" \/>\n<meta property=\"og:description\" content=\"About us Option is a community organization founded in 1987. Nous avons pour mission d\u2019offrir des services de soutien, de suivi et de psychoth\u00e9rapie aux adultes, hommes et femmes, ayant des comportements violents dans un contexte conjugal et familial. Nous offrons des services en fran\u00e7ais et certains de ces services sont offerts en anglais ou avec un interpr\u00e8te. Les intervenant(e)s ... Read More\" \/>\n<meta property=\"og:url\" content=\"https:\/\/2026.optionalternative.org\/en\/about-us\/\" \/>\n<meta property=\"og:site_name\" content=\"Option Alternative\" \/>\n<meta property=\"article:modified_time\" content=\"2026-03-10T17:22:57+00:00\" \/>\n<meta name=\"twitter:card\" content=\"summary_large_image\" \/>\n<meta name=\"twitter:label1\" content=\"Est. reading time\" \/>\n\t<meta name=\"twitter:data1\" content=\"1 minute\" \/>\n<script type=\"application\/ld+json\" class=\"yoast-schema-graph\">{\"@context\":\"https:\/\/schema.org\",\"@graph\":[{\"@type\":\"WebPage\",\"@id\":\"https:\/\/2026.optionalternative.org\/en\/about-us\/\",\"url\":\"https:\/\/2026.optionalternative.org\/en\/about-us\/\",\"name\":\"About us - Option Alternative\",\"isPartOf\":{\"@id\":\"https:\/\/2026.optionalternative.org\/en\/#website\"},\"datePublished\":\"2026-03-02T19:57:06+00:00\",\"dateModified\":\"2026-03-10T17:22:57+00:00\",\"breadcrumb\":{\"@id\":\"https:\/\/2026.optionalternative.org\/en\/about-us\/#breadcrumb\"},\"inLanguage\":\"en-US\",\"potentialAction\":[{\"@type\":\"ReadAction\",\"target\":[\"https:\/\/2026.optionalternative.org\/en\/about-us\/\"]}]},{\"@type\":\"BreadcrumbList\",\"@id\":\"https:\/\/2026.optionalternative.org\/en\/about-us\/#breadcrumb\",\"itemListElement\":[{\"@type\":\"ListItem\",\"position\":1,\"name\":\"Accueil\",\"item\":\"https:\/\/2026.optionalternative.org\/en\/sample-page-2\/\"},{\"@type\":\"ListItem\",\"position\":2,\"name\":\"About us\"}]},{\"@type\":\"WebSite\",\"@id\":\"https:\/\/2026.optionalternative.org\/en\/#website\",\"url\":\"https:\/\/2026.optionalternative.org\/en\/\",\"name\":\"Option Alternative\",\"description\":\"Option Alternative\",\"potentialAction\":[{\"@type\":\"SearchAction\",\"target\":{\"@type\":\"EntryPoint\",\"urlTemplate\":\"https:\/\/2026.optionalternative.org\/en\/?s={search_term_string}\"},\"query-input\":{\"@type\":\"PropertyValueSpecification\",\"valueRequired\":true,\"valueName\":\"search_term_string\"}}],\"inLanguage\":\"en-US\"}]}<\/script>\n<!-- \/ Yoast SEO plugin. -->","yoast_head_json":{"title":"About us - Option Alternative","robots":{"index":"index","follow":"follow","max-snippet":"max-snippet:-1","max-image-preview":"max-image-preview:large","max-video-preview":"max-video-preview:-1"},"canonical":"https:\/\/2026.optionalternative.org\/en\/about-us\/","og_locale":"en_US","og_type":"article","og_title":"About us - Option Alternative","og_description":"About us Option is a community organization founded in 1987. Nous avons pour mission d\u2019offrir des services de soutien, de suivi et de psychoth\u00e9rapie aux adultes, hommes et femmes, ayant des comportements violents dans un contexte conjugal et familial. Nous offrons des services en fran\u00e7ais et certains de ces services sont offerts en anglais ou avec un interpr\u00e8te. Les intervenant(e)s ... Read More","og_url":"https:\/\/2026.optionalternative.org\/en\/about-us\/","og_site_name":"Option Alternative","article_modified_time":"2026-03-10T17:22:57+00:00","twitter_card":"summary_large_image","twitter_misc":{"Est. reading time":"1 minute"},"schema":{"@context":"https:\/\/schema.org","@graph":[{"@type":"WebPage","@id":"https:\/\/2026.optionalternative.org\/en\/about-us\/","url":"https:\/\/2026.optionalternative.org\/en\/about-us\/","name":"About us - Option Alternative","isPartOf":{"@id":"https:\/\/2026.optionalternative.org\/en\/#website"},"datePublished":"2026-03-02T19:57:06+00:00","dateModified":"2026-03-10T17:22:57+00:00","breadcrumb":{"@id":"https:\/\/2026.optionalternative.org\/en\/about-us\/#breadcrumb"},"inLanguage":"en-US","potentialAction":[{"@type":"ReadAction","target":["https:\/\/2026.optionalternative.org\/en\/about-us\/"]}]},{"@type":"BreadcrumbList","@id":"https:\/\/2026.optionalternative.org\/en\/about-us\/#breadcrumb","itemListElement":[{"@type":"ListItem","position":1,"name":"Accueil","item":"https:\/\/2026.optionalternative.org\/en\/sample-page-2\/"},{"@type":"ListItem","position":2,"name":"About us"}]},{"@type":"WebSite","@id":"https:\/\/2026.optionalternative.org\/en\/#website","url":"https:\/\/2026.optionalternative.org\/en\/","name":"Option Alternative","description":"Option Alternative","potentialAction":[{"@type":"SearchAction","target":{"@type":"EntryPoint","urlTemplate":"https:\/\/2026.optionalternative.org\/en\/?s={search_term_string}"},"query-input":{"@type":"PropertyValueSpecification","valueRequired":true,"valueName":"search_term_string"}}],"inLanguage":"en-US"}]}},"_links":{"self":[{"href":"https:\/\/2026.optionalternative.org\/en\/wp-json\/wp\/v2\/pages\/496","targetHints":{"allow":["GET"]}}],"collection":[{"href":"https:\/\/2026.optionalternative.org\/en\/wp-json\/wp\/v2\/pages"}],"about":[{"href":"https:\/\/2026.optionalternative.org\/en\/wp-json\/wp\/v2\/types\/page"}],"author":[{"embeddable":true,"href":"https:\/\/2026.optionalternative.org\/en\/wp-json\/wp\/v2\/users\/1"}],"replies":[{"embeddable":true,"href":"https:\/\/2026.optionalternative.org\/en\/wp-json\/wp\/v2\/comments?post=496"}],"version-history":[{"count":10,"href":"https:\/\/2026.optionalternative.org\/en\/wp-json\/wp\/v2\/pages\/496\/revisions"}],"predecessor-version":[{"id":549,"href":"https:\/\/2026.optionalternative.org\/en\/wp-json\/wp\/v2\/pages\/496\/revisions\/549"}],"wp:attachment":[{"href":"https:\/\/2026.optionalternative.org\/en\/wp-json\/wp\/v2\/media?parent=496"}],"curies":[{"name":"wp","href":"https:\/\/api.w.org\/{rel}","templated":true}]}}