{"id":518,"date":"2026-03-02T15:22:00","date_gmt":"2026-03-02T15:22:00","guid":{"rendered":"https:\/\/2026.optionalternative.org\/in-memoriam-ang\/"},"modified":"2026-03-03T15:11:30","modified_gmt":"2026-03-03T15:11:30","slug":"in-memoriam-2","status":"publish","type":"page","link":"https:\/\/2026.optionalternative.org\/en\/in-memoriam-2\/","title":{"rendered":"In memoriam eng"},"content":{"rendered":"<div id=\"cs-content\" class=\"cs-content\"><div class=\"x-section e518-e1 mee-0\"><div class=\"x-row x-container max width e518-e2 mee-5 mee-6 mee-7 mee-b mee-c mee-1 mee-2 x-effect-exit\" data-x-effect=\"{&quot;scroll&quot;:true,&quot;offsetTop&quot;:&quot;10%&quot;,&quot;offsetBottom&quot;:&quot;10%&quot;,&quot;behaviorScroll&quot;:&quot;fire-once&quot;,&quot;animationEnter&quot;:&quot;fadeInDown&quot;,&quot;animationExit&quot;:&quot;rollOut&quot;}\"><div class=\"x-row-inner\"><div class=\"x-col e518-e3 mee-f mee-g\"><div class=\"x-text x-text-headline e518-e4 mee-h\"><div class=\"x-text-content\"><div class=\"x-text-content-text\"><h1 class=\"x-text-content-text-primary\">IN MEMORIAM<\/h1>\n<\/div><\/div><\/div><div class=\"x-text x-content e518-e5 mee-i mee-j mee-k mee-l mee-m\"><p>Notre histoire de collaboration avec Gilles Rondeau a commenc\u00e9 au d\u00e9but des ann\u00e9es 80. Il s\u2019\u00e9tait joint \u00e0 un collectif rassemblant plusieurs groupes d\u2019hommes (Hom-info) de r\u00e9flexion sur la condition masculine qui avait \u00e9t\u00e9 mis sur pied par Jacques Brou\u00e9. Le collectif \u00e9tait un des pr\u00e9curseurs du r\u00e9seau Hommes Qu\u00e9bec.<\/p>\n<p>Rapidement, Gilles s\u2019est joint au comit\u00e9 de r\u00e9daction qui a produit un num\u00e9ro s\u2019intitulant \u00ab\u00a0Les h\u00e9ritiers de la violence\u00a0\u00bb. Des \u00e9v\u00e8nements publics \u00e9taient tenus dont un particuli\u00e8rement \u00e0 l\u2019auditorium de l\u2019UQAM o\u00f9 nous nous sommes retrouv\u00e9s devant 250 personnes. Heureusement qu\u2019il \u00e9tait l\u00e0. Il fut le premier \u00e0 prendre la parole et il nous ouvrit le chemin pour que nous puissions d\u00e9noncer la violence faite aux femmes et aux enfants. Nous d\u00e9noncions la socialisation subie \u00e9galement par les hommes qui les condamnaient \u00e0 se montrer invuln\u00e9rables et toujours en contr\u00f4le, non pas de soi, mais des autres.<\/p><\/div><\/div><div class=\"x-col e518-e6 mee-g\"><div class=\"x-row e518-e7 mee-6 mee-8 mee-9 mee-b mee-d\"><div class=\"x-row-inner\"><div class=\"x-col e518-e8 mee-g\"><span class=\"x-image e518-e9 mee-s\"><img decoding=\"async\" src=\"https:\/\/2026.optionalternative.org\/wp-content\/uploads\/2025\/09\/Screenshot-2025-09-28-at-9.05.08-PM.png\" width=\"358\" height=\"237\" alt=\"Image\" loading=\"lazy\"><\/span><div class=\"x-text x-content e518-e10 mee-j mee-m mee-n mee-o mee-p\">Gilles Rondeau<\/div><div class=\"x-text x-content e518-e11 mee-j mee-k mee-m mee-n mee-p mee-q\"><p>1 JANVIER 1941&nbsp;&ndash;&nbsp;14 F&Eacute;VRIER 2022<\/p><\/div><\/div><\/div><\/div><\/div><\/div><\/div><div class=\"x-row x-container max width e518-e12 mee-5 mee-6 mee-9 mee-a mee-b mee-e mee-1 mee-3 x-effect-exit\" data-x-effect=\"{&quot;scroll&quot;:true,&quot;offsetTop&quot;:&quot;10%&quot;,&quot;offsetBottom&quot;:&quot;10%&quot;,&quot;behaviorScroll&quot;:&quot;fire-once&quot;,&quot;animationEnter&quot;:&quot;fadeIn&quot;,&quot;animationExit&quot;:&quot;rollOut&quot;}\"><div class=\"x-row-inner\"><div class=\"x-col e518-e13 mee-g\"><div class=\"x-text x-content e518-e14 mee-j mee-k mee-l mee-n mee-r mee-1 mee-4 x-effect-exit\" data-x-effect=\"{&quot;scroll&quot;:true,&quot;offsetTop&quot;:&quot;10%&quot;,&quot;offsetBottom&quot;:&quot;10%&quot;,&quot;behaviorScroll&quot;:&quot;fire-once&quot;,&quot;animationEnter&quot;:&quot;fadeIn&quot;,&quot;animationExit&quot;:&quot;rollOut&quot;}\"><p>Notre histoire de collaboration avec Gilles Rondeau a commenc&eacute; au d&eacute;but des ann&eacute;es 80. Il s&rsquo;&eacute;tait joint &agrave; un collectif rassemblant plusieurs groupes d&rsquo;hommes (Hom-info) de r&eacute;flexion sur la condition masculine qui avait &eacute;t&eacute; mis sur pied par Jacques Brou&eacute;. Le collectif &eacute;tait un des pr&eacute;curseurs du r&eacute;seau Hommes Qu&eacute;bec.<\/p>\n<p>Rapidement, Gilles s&rsquo;est joint au comit&eacute; de r&eacute;daction qui a produit un num&eacute;ro s&rsquo;intitulant &laquo;&nbsp;Les h&eacute;ritiers de la violence&nbsp;&raquo;. Des &eacute;v&egrave;nements publics &eacute;taient tenus dont un particuli&egrave;rement &agrave; l&rsquo;auditorium de l&rsquo;UQAM o&ugrave; nous nous sommes retrouv&eacute;s devant 250 personnes. Heureusement qu&rsquo;il &eacute;tait l&agrave;. Il fut le premier &agrave; prendre la parole et il nous ouvrit le chemin pour que nous puissions d&eacute;noncer la violence faite aux femmes et aux enfants. Nous d&eacute;noncions la socialisation subie &eacute;galement par les hommes qui les condamnaient &agrave; se montrer invuln&eacute;rables et toujours en contr&ocirc;le, non pas de soi, mais des autres.<\/p>\n<p>Gr&acirc;ce &agrave; son apport, il a &eacute;t&eacute; convenu de poursuivre cette r&eacute;flexion et ainsi, est n&eacute; le Collectif masculin contre la violence domestique qui est &agrave; l&rsquo;origine de la mise sur pied du groupe CHOC &agrave; Laval et Option &agrave; Montr&eacute;al. &nbsp;En 1983, Option commen&ccedil;ait ses premiers groupes d&rsquo;intervention aupr&egrave;s des conjoints violents &agrave; l&rsquo;invitation du directeur g&eacute;n&eacute;ral du CLSC du Plateau Mont-Royal. &Agrave; ce moment, nous nous sommes engag&eacute;s dans un travail dont on mesurait mal l&rsquo;ampleur et les nombreux d&eacute;fis &agrave; venir.<\/p>\n<p>Heureusement Gilles &eacute;tait l&agrave; pour animer ces premi&egrave;res rencontres et m&ecirc;me les superviser. Les conjoints violents qui venaient nous rencontrer d&eacute;posaient leurs sympt&ocirc;mes dans l&rsquo;organisme et nous nous retrouvions &agrave; &ecirc;tre impact&eacute;s et &agrave; rejouer entre nous ces sympt&ocirc;mes. Toutefois, sa pr&eacute;sence avait pour effet de nous apaiser et stimuler. Sous son impulsion, nous avons compris l&rsquo;importance d&rsquo;entreprendre une d&eacute;marche th&eacute;rapeutique, car si nous voulions &oelig;uvrer &agrave; briser la cha&icirc;ne de transmission interg&eacute;n&eacute;rationnelle, &ecirc;tre conscients de notre propre h&eacute;ritage &eacute;tait n&eacute;cessaire.<\/p>\n<p>Le directeur g&eacute;n&eacute;ral du CLSC du Plateau Mont-Royal a invit&eacute; Cl&eacute;ment Gu&egrave;vremont &agrave; d&eacute;marrer un groupe de d&eacute;monstration s&rsquo;adressant aux auteurs de violence conjugale et familiale. Apr&egrave;s quelques ann&eacute;es, nous avons mis sur pied un organisme &agrave; but non lucratif sous le nom d&rsquo;Option&nbsp;: une alternative &agrave; la violence conjugale et familiale, dont Gilles fut l&rsquo;un des signataires pour la demande d&rsquo;autorisation OSBL.<\/p>\n<p>Par la suite,Gilles a &eacute;galement partag&eacute; sa solide expertise en violence conjugale par son travail de professeur et chercheur dont nous avons grandement b&eacute;n&eacute;fici&eacute;. Comme pr&eacute;curseur des services sp&eacute;cifiques aux hommes, Gilles fut une source d&rsquo;inspiration et un mentor pour nous tous.<\/p>\n<p>Gilles Rondeau fut l&rsquo;un de nos piliers en se joignant &agrave; l&rsquo;aventure initiale avec les fondateurs d&rsquo;Option. De plus, il est toujours demeur&eacute; impliqu&eacute; et engag&eacute; &agrave; Option au sein du Conseil d&rsquo;administration jusqu&rsquo;&agrave; son d&eacute;c&egrave;s.<\/p>\n<p>Gilles, merci pour ton appui, ton jugement et tes connaissances et sache que nous allons poursuivre ton &oelig;uvre.<\/p>\n<p>&nbsp;<\/p>\n<p class=\"has-text-align-right\"><strong>L&rsquo;&eacute;quipe d&rsquo;Option<\/strong><\/p><\/div><\/div><\/div><\/div><\/div><\/div>","protected":false},"excerpt":{"rendered":"<p>IN MEMORIAM Notre histoire de collaboration avec Gilles Rondeau a commenc\u00e9 au d\u00e9but des ann\u00e9es 80. Il s\u2019\u00e9tait joint \u00e0 un collectif rassemblant plusieurs groupes d\u2019hommes (Hom-info) de r\u00e9flexion sur la condition masculine qui avait \u00e9t\u00e9 mis sur pied par Jacques Brou\u00e9. Le collectif \u00e9tait un des pr\u00e9curseurs du r\u00e9seau Hommes Qu\u00e9bec. Rapidement, Gilles s\u2019est joint au comit\u00e9 de r\u00e9daction &#8230; <\/p>\n<div><a href=\"https:\/\/2026.optionalternative.org\/en\/in-memoriam-2\/\" class=\"more-link\">Read More<\/a><\/div>\n","protected":false},"author":1,"featured_media":0,"parent":0,"menu_order":0,"comment_status":"closed","ping_status":"closed","template":"template-blank-4.php","meta":{"footnotes":""},"class_list":["post-518","page","type-page","status-publish","hentry","no-post-thumbnail"],"yoast_head":"<!-- This site is optimized with the Yoast SEO plugin v27.2 - https:\/\/yoast.com\/product\/yoast-seo-wordpress\/ -->\n<title>In memoriam eng - Option Alternative<\/title>\n<meta name=\"robots\" content=\"index, follow, max-snippet:-1, max-image-preview:large, max-video-preview:-1\" \/>\n<link rel=\"canonical\" href=\"https:\/\/2026.optionalternative.org\/en\/in-memoriam-2\/\" \/>\n<meta property=\"og:locale\" content=\"en_US\" \/>\n<meta property=\"og:type\" content=\"article\" \/>\n<meta property=\"og:title\" content=\"In memoriam eng - Option Alternative\" \/>\n<meta property=\"og:description\" content=\"IN MEMORIAM Notre histoire de collaboration avec Gilles Rondeau a commenc\u00e9 au d\u00e9but des ann\u00e9es 80. Il s\u2019\u00e9tait joint \u00e0 un collectif rassemblant plusieurs groupes d\u2019hommes (Hom-info) de r\u00e9flexion sur la condition masculine qui avait \u00e9t\u00e9 mis sur pied par Jacques Brou\u00e9. Le collectif \u00e9tait un des pr\u00e9curseurs du r\u00e9seau Hommes Qu\u00e9bec. Rapidement, Gilles s\u2019est joint au comit\u00e9 de r\u00e9daction ... Read More\" \/>\n<meta property=\"og:url\" content=\"https:\/\/2026.optionalternative.org\/en\/in-memoriam-2\/\" \/>\n<meta property=\"og:site_name\" content=\"Option Alternative\" \/>\n<meta property=\"article:modified_time\" content=\"2026-03-03T15:11:30+00:00\" \/>\n<meta property=\"og:image\" content=\"https:\/\/2026.optionalternative.org\/wp-content\/uploads\/2025\/09\/Screenshot-2025-09-28-at-9.05.08-PM.png\" \/>\n<meta name=\"twitter:card\" content=\"summary_large_image\" \/>\n<meta name=\"twitter:label1\" content=\"Est. reading time\" \/>\n\t<meta name=\"twitter:data1\" content=\"4 minutes\" \/>\n<script type=\"application\/ld+json\" class=\"yoast-schema-graph\">{\"@context\":\"https:\/\/schema.org\",\"@graph\":[{\"@type\":\"WebPage\",\"@id\":\"https:\/\/2026.optionalternative.org\/en\/in-memoriam-2\/\",\"url\":\"https:\/\/2026.optionalternative.org\/en\/in-memoriam-2\/\",\"name\":\"In memoriam eng - Option Alternative\",\"isPartOf\":{\"@id\":\"https:\/\/2026.optionalternative.org\/en\/#website\"},\"primaryImageOfPage\":{\"@id\":\"https:\/\/2026.optionalternative.org\/en\/in-memoriam-2\/#primaryimage\"},\"image\":{\"@id\":\"https:\/\/2026.optionalternative.org\/en\/in-memoriam-2\/#primaryimage\"},\"thumbnailUrl\":\"https:\/\/2026.optionalternative.org\/wp-content\/uploads\/2025\/09\/Screenshot-2025-09-28-at-9.05.08-PM.png\",\"datePublished\":\"2026-03-02T15:22:00+00:00\",\"dateModified\":\"2026-03-03T15:11:30+00:00\",\"breadcrumb\":{\"@id\":\"https:\/\/2026.optionalternative.org\/en\/in-memoriam-2\/#breadcrumb\"},\"inLanguage\":\"en-US\",\"potentialAction\":[{\"@type\":\"ReadAction\",\"target\":[\"https:\/\/2026.optionalternative.org\/en\/in-memoriam-2\/\"]}]},{\"@type\":\"ImageObject\",\"inLanguage\":\"en-US\",\"@id\":\"https:\/\/2026.optionalternative.org\/en\/in-memoriam-2\/#primaryimage\",\"url\":\"https:\/\/2026.optionalternative.org\/wp-content\/uploads\/2025\/09\/Screenshot-2025-09-28-at-9.05.08-PM.png\",\"contentUrl\":\"https:\/\/2026.optionalternative.org\/wp-content\/uploads\/2025\/09\/Screenshot-2025-09-28-at-9.05.08-PM.png\"},{\"@type\":\"BreadcrumbList\",\"@id\":\"https:\/\/2026.optionalternative.org\/en\/in-memoriam-2\/#breadcrumb\",\"itemListElement\":[{\"@type\":\"ListItem\",\"position\":1,\"name\":\"Accueil\",\"item\":\"https:\/\/2026.optionalternative.org\/en\/sample-page-2\/\"},{\"@type\":\"ListItem\",\"position\":2,\"name\":\"In memoriam eng\"}]},{\"@type\":\"WebSite\",\"@id\":\"https:\/\/2026.optionalternative.org\/en\/#website\",\"url\":\"https:\/\/2026.optionalternative.org\/en\/\",\"name\":\"Option Alternative\",\"description\":\"Option Alternative\",\"potentialAction\":[{\"@type\":\"SearchAction\",\"target\":{\"@type\":\"EntryPoint\",\"urlTemplate\":\"https:\/\/2026.optionalternative.org\/en\/?s={search_term_string}\"},\"query-input\":{\"@type\":\"PropertyValueSpecification\",\"valueRequired\":true,\"valueName\":\"search_term_string\"}}],\"inLanguage\":\"en-US\"}]}<\/script>\n<!-- \/ Yoast SEO plugin. -->","yoast_head_json":{"title":"In memoriam eng - Option Alternative","robots":{"index":"index","follow":"follow","max-snippet":"max-snippet:-1","max-image-preview":"max-image-preview:large","max-video-preview":"max-video-preview:-1"},"canonical":"https:\/\/2026.optionalternative.org\/en\/in-memoriam-2\/","og_locale":"en_US","og_type":"article","og_title":"In memoriam eng - Option Alternative","og_description":"IN MEMORIAM Notre histoire de collaboration avec Gilles Rondeau a commenc\u00e9 au d\u00e9but des ann\u00e9es 80. Il s\u2019\u00e9tait joint \u00e0 un collectif rassemblant plusieurs groupes d\u2019hommes (Hom-info) de r\u00e9flexion sur la condition masculine qui avait \u00e9t\u00e9 mis sur pied par Jacques Brou\u00e9. Le collectif \u00e9tait un des pr\u00e9curseurs du r\u00e9seau Hommes Qu\u00e9bec. Rapidement, Gilles s\u2019est joint au comit\u00e9 de r\u00e9daction ... Read More","og_url":"https:\/\/2026.optionalternative.org\/en\/in-memoriam-2\/","og_site_name":"Option Alternative","article_modified_time":"2026-03-03T15:11:30+00:00","og_image":[{"url":"https:\/\/2026.optionalternative.org\/wp-content\/uploads\/2025\/09\/Screenshot-2025-09-28-at-9.05.08-PM.png","type":"","width":"","height":""}],"twitter_card":"summary_large_image","twitter_misc":{"Est. reading time":"4 minutes"},"schema":{"@context":"https:\/\/schema.org","@graph":[{"@type":"WebPage","@id":"https:\/\/2026.optionalternative.org\/en\/in-memoriam-2\/","url":"https:\/\/2026.optionalternative.org\/en\/in-memoriam-2\/","name":"In memoriam eng - Option Alternative","isPartOf":{"@id":"https:\/\/2026.optionalternative.org\/en\/#website"},"primaryImageOfPage":{"@id":"https:\/\/2026.optionalternative.org\/en\/in-memoriam-2\/#primaryimage"},"image":{"@id":"https:\/\/2026.optionalternative.org\/en\/in-memoriam-2\/#primaryimage"},"thumbnailUrl":"https:\/\/2026.optionalternative.org\/wp-content\/uploads\/2025\/09\/Screenshot-2025-09-28-at-9.05.08-PM.png","datePublished":"2026-03-02T15:22:00+00:00","dateModified":"2026-03-03T15:11:30+00:00","breadcrumb":{"@id":"https:\/\/2026.optionalternative.org\/en\/in-memoriam-2\/#breadcrumb"},"inLanguage":"en-US","potentialAction":[{"@type":"ReadAction","target":["https:\/\/2026.optionalternative.org\/en\/in-memoriam-2\/"]}]},{"@type":"ImageObject","inLanguage":"en-US","@id":"https:\/\/2026.optionalternative.org\/en\/in-memoriam-2\/#primaryimage","url":"https:\/\/2026.optionalternative.org\/wp-content\/uploads\/2025\/09\/Screenshot-2025-09-28-at-9.05.08-PM.png","contentUrl":"https:\/\/2026.optionalternative.org\/wp-content\/uploads\/2025\/09\/Screenshot-2025-09-28-at-9.05.08-PM.png"},{"@type":"BreadcrumbList","@id":"https:\/\/2026.optionalternative.org\/en\/in-memoriam-2\/#breadcrumb","itemListElement":[{"@type":"ListItem","position":1,"name":"Accueil","item":"https:\/\/2026.optionalternative.org\/en\/sample-page-2\/"},{"@type":"ListItem","position":2,"name":"In memoriam eng"}]},{"@type":"WebSite","@id":"https:\/\/2026.optionalternative.org\/en\/#website","url":"https:\/\/2026.optionalternative.org\/en\/","name":"Option Alternative","description":"Option Alternative","potentialAction":[{"@type":"SearchAction","target":{"@type":"EntryPoint","urlTemplate":"https:\/\/2026.optionalternative.org\/en\/?s={search_term_string}"},"query-input":{"@type":"PropertyValueSpecification","valueRequired":true,"valueName":"search_term_string"}}],"inLanguage":"en-US"}]}},"_links":{"self":[{"href":"https:\/\/2026.optionalternative.org\/en\/wp-json\/wp\/v2\/pages\/518","targetHints":{"allow":["GET"]}}],"collection":[{"href":"https:\/\/2026.optionalternative.org\/en\/wp-json\/wp\/v2\/pages"}],"about":[{"href":"https:\/\/2026.optionalternative.org\/en\/wp-json\/wp\/v2\/types\/page"}],"author":[{"embeddable":true,"href":"https:\/\/2026.optionalternative.org\/en\/wp-json\/wp\/v2\/users\/1"}],"replies":[{"embeddable":true,"href":"https:\/\/2026.optionalternative.org\/en\/wp-json\/wp\/v2\/comments?post=518"}],"version-history":[{"count":9,"href":"https:\/\/2026.optionalternative.org\/en\/wp-json\/wp\/v2\/pages\/518\/revisions"}],"predecessor-version":[{"id":582,"href":"https:\/\/2026.optionalternative.org\/en\/wp-json\/wp\/v2\/pages\/518\/revisions\/582"}],"wp:attachment":[{"href":"https:\/\/2026.optionalternative.org\/en\/wp-json\/wp\/v2\/media?parent=518"}],"curies":[{"name":"wp","href":"https:\/\/api.w.org\/{rel}","templated":true}]}}