{"id":536,"date":"2025-05-08T12:25:50","date_gmt":"2025-05-08T12:25:50","guid":{"rendered":"https:\/\/2026.optionalternative.org\/our-team\/"},"modified":"2026-03-03T14:06:29","modified_gmt":"2026-03-03T14:06:29","slug":"our-team","status":"publish","type":"page","link":"https:\/\/2026.optionalternative.org\/en\/our-team\/","title":{"rendered":"Our team25"},"content":{"rendered":"<div id=\"cs-content\" class=\"cs-content\"><div class=\"x-section e536-e1 mew-0\"><div class=\"x-row x-container max width e536-e2 mew-2 mew-3 mew-4 mew-5 mew-6 mew-7 mew-f mew-g mew-1 x-effect-exit\" data-x-effect=\"{&quot;scroll&quot;:true,&quot;offsetTop&quot;:&quot;10%&quot;,&quot;offsetBottom&quot;:&quot;10%&quot;,&quot;behaviorScroll&quot;:&quot;fire-once&quot;,&quot;animationEnter&quot;:&quot;fadeInDown&quot;,&quot;animationExit&quot;:&quot;rollOut&quot;}\"><div class=\"x-row-inner\"><div class=\"x-col e536-e3 mew-m mew-n mew-o\"><div class=\"x-text x-text-headline e536-e4 mew-q mew-r mew-s\"><div class=\"x-text-content\"><div class=\"x-text-content-text\"><h1 class=\"x-text-content-text-primary\">Our team25<\/h1>\n<\/div><\/div><\/div><div class=\"x-text x-content e536-e5 mew-w mew-x\">Option, une alternative \u00e0 la violence conjugale et familiale a \u00e9t\u00e9 fond\u00e9 en 1987 par un groupe d\u2019intervenants dont faisait partie Cl\u00e9ment Gu\u00e8vremont, qui \u00e9t\u00e9 directeur pendant 32 ans, ainsi que Fran\u00e7ois Lepage, qui occupe le poste de superviseur clinique.<\/div><div class=\"x-text x-content e536-e6 mew-w mew-x\">L\u2019\u00e9quipe d\u2019Option est compos\u00e9e de professionnel(le)s qui ont d\u00e9velopp\u00e9 une expertise dans l\u2019intervention aupr\u00e8s des personnes ayant des comportements violents dans le couple et la famille.<\/div><\/div><\/div><\/div><div class=\"x-row x-container max width e536-e7 mew-3 mew-4 mew-8 mew-9 mew-a mew-b mew-f mew-h mew-1 x-effect-exit\" data-x-effect=\"{&quot;scroll&quot;:true,&quot;offsetTop&quot;:&quot;50%&quot;,&quot;offsetBottom&quot;:&quot;10%&quot;,&quot;behaviorScroll&quot;:&quot;fire-once&quot;,&quot;animationEnter&quot;:&quot;fadeIn&quot;,&quot;animationExit&quot;:&quot;rollOut&quot;}\"><div class=\"x-row-inner\"><div class=\"x-col e536-e8 mew-m mew-o mew-p\"><div class=\"x-text x-text-headline e536-e9 mew-r mew-s mew-t mew-u\"><div class=\"x-text-content\"><div class=\"x-text-content-text\"><h1 class=\"x-text-content-text-primary\">Fran\u00e7ois Lepage<\/h1>\n<\/div><\/div><\/div><div class=\"x-text x-content e536-e10 mew-w mew-y mew-z\"><p>Travailleur social (OTSTCFQ)<\/p><\/div><\/div><div class=\"x-col e536-e11 mew-m mew-o mew-p\"><div class=\"x-text x-text-headline e536-e12 mew-r mew-s mew-t mew-u\"><div class=\"x-text-content\"><div class=\"x-text-content-text\"><h1 class=\"x-text-content-text-primary\">Cl\u00e9ment Gu\u00e8vremont<\/h1>\n<\/div><\/div><\/div><div class=\"x-text x-content e536-e13 mew-w mew-y mew-z\">Th\u00e9rapeute conjugal et familial (OTSTCFQ),\nd\u00e9tenteur d\u2019un permis de pratique de la psychoth\u00e9rapie<\/div><\/div><div class=\"x-col e536-e14 mew-m mew-o mew-p\"><div class=\"x-text x-text-headline e536-e15 mew-r mew-s mew-t mew-u\"><div class=\"x-text-content\"><div class=\"x-text-content-text\"><h1 class=\"x-text-content-text-primary\">Lucie Saint-Pierre<\/h1>\n<\/div><\/div><\/div><div class=\"x-text x-content e536-e16 mew-w mew-y mew-z\">Directrice, Travailleuse sociale (OTSTCFQ), \nd\u00e9tentrice d\u2019un permis de pratique de la psychoth\u00e9rapie<\/div><\/div><div class=\"x-col e536-e17 mew-m mew-o mew-p\"><div class=\"x-text x-text-headline e536-e18 mew-r mew-s mew-t mew-u\"><div class=\"x-text-content\"><div class=\"x-text-content-text\"><h1 class=\"x-text-content-text-primary\">Patricia Connolly<\/h1>\n<\/div><\/div><\/div><div class=\"x-text x-content e536-e19 mew-w mew-y mew-z\">Travailleuse sociale (OTSTCFQ),\nd\u00e9tentrice d\u2019un permis de pratique de la psychoth\u00e9rapie<\/div><\/div><div class=\"x-col e536-e20 mew-m mew-o mew-p\"><div class=\"x-text x-text-headline e536-e21 mew-r mew-s mew-t mew-u\"><div class=\"x-text-content\"><div class=\"x-text-content-text\"><h1 class=\"x-text-content-text-primary\">Dominic M\u00e9lasco<\/h1>\n<\/div><\/div><\/div><div class=\"x-text x-content e536-e22 mew-w mew-y mew-z\">Travailleur social \n(OTSTCFQ)<\/div><\/div><div class=\"x-col e536-e23 mew-m mew-o mew-p\"><div class=\"x-text x-text-headline e536-e24 mew-r mew-s mew-t mew-u\"><div class=\"x-text-content\"><div class=\"x-text-content-text\"><h1 class=\"x-text-content-text-primary\">Marie-Claude Saulnier<\/h1>\n<\/div><\/div><\/div><div class=\"x-text x-content e536-e25 mew-w mew-y mew-z\"><p>Travailleuse sociale (OTSTCFQ)<\/p><\/div><\/div><div class=\"x-col e536-e26 mew-m mew-o mew-p\"><div class=\"x-text x-text-headline e536-e27 mew-r mew-s mew-t mew-u\"><div class=\"x-text-content\"><div class=\"x-text-content-text\"><h1 class=\"x-text-content-text-primary\">Denise Tass\u00e9<\/h1>\n<\/div><\/div><\/div><div class=\"x-text x-content e536-e28 mew-w mew-y mew-z\">Travailleuse sociale (OTSTCFQ), d\u00e9tentrice d\u2019un permis de pratique de la psychoth\u00e9rapie<\/div><\/div><div class=\"x-col e536-e29 mew-m mew-o mew-p\"><div class=\"x-text x-text-headline e536-e30 mew-r mew-s mew-t mew-u\"><div class=\"x-text-content\"><div class=\"x-text-content-text\"><h1 class=\"x-text-content-text-primary\">Marie-Claude Pelletier<\/h1>\n<\/div><\/div><\/div><div class=\"x-text x-content e536-e31 mew-w mew-y mew-z\"><p>Travailleuse sociale (OTSTCFQ)<\/p><\/div><\/div><div class=\"x-col e536-e32 mew-m mew-o mew-p\"><div class=\"x-text x-text-headline e536-e33 mew-r mew-s mew-t mew-u\"><div class=\"x-text-content\"><div class=\"x-text-content-text\"><h1 class=\"x-text-content-text-primary\">Jo\u00ebl Gottlieb<\/h1>\n<\/div><\/div><\/div><div class=\"x-text x-content e536-e34 mew-w mew-z mew-10\"><p>Travailleur social&nbsp; (OTSTCFQ)<\/p>\n<p>&nbsp;<\/p><\/div><\/div><div class=\"x-col e536-e35 mew-m mew-o mew-p\"><div class=\"x-text x-text-headline e536-e36 mew-r mew-s mew-t mew-u\"><div class=\"x-text-content\"><div class=\"x-text-content-text\"><h1 class=\"x-text-content-text-primary\">Rachel Rugilo<\/h1>\n<\/div><\/div><\/div><div class=\"x-text x-content e536-e37 mew-w mew-y mew-z\"><p>Intervenante psychosociale<\/p><\/div><\/div><div class=\"x-col e536-e38 mew-m mew-o mew-p\"><div class=\"x-text x-text-headline e536-e39 mew-r mew-s mew-t mew-u\"><div class=\"x-text-content\"><div class=\"x-text-content-text\"><h1 class=\"x-text-content-text-primary\">Lamiaa Missaoui<\/h1>\n<\/div><\/div><\/div><div class=\"x-text x-content e536-e40 mew-w mew-y mew-z\"><p>Intervenante psychosociale<\/p><\/div><\/div><div class=\"x-col e536-e41 mew-m mew-o mew-p\"><div class=\"x-text x-text-headline e536-e42 mew-r mew-s mew-t mew-u\"><div class=\"x-text-content\"><div class=\"x-text-content-text\"><h1 class=\"x-text-content-text-primary\">Alexandre Nguyen-Duong<\/h1>\n<\/div><\/div><\/div><div class=\"x-text x-content e536-e43 mew-w mew-y mew-z\"><p>Intervenant psychosocial<\/p><\/div><\/div><div class=\"x-col e536-e44 mew-m mew-o mew-p\"><div class=\"x-text x-text-headline e536-e45 mew-r mew-s mew-t mew-u\"><div class=\"x-text-content\"><div class=\"x-text-content-text\"><h1 class=\"x-text-content-text-primary\">Ren\u00e9e Brassard<\/h1>\n<\/div><\/div><\/div><div class=\"x-text x-content e536-e46 mew-w mew-y mew-z\"><p>Crimonologue (OPCQ)<\/p><\/div><\/div><div class=\"x-col e536-e47 mew-m mew-o mew-p\"><div class=\"x-text x-text-headline e536-e48 mew-r mew-s mew-t mew-u\"><div class=\"x-text-content\"><div class=\"x-text-content-text\"><h1 class=\"x-text-content-text-primary\">Lana Whebe<\/h1>\n<\/div><\/div><\/div><div class=\"x-text x-content e536-e49 mew-w mew-y mew-z\"><p>Charg\u00e9e de projet<\/p><\/div><\/div><\/div><\/div><div class=\"x-row x-container max width e536-e50 mew-4 mew-6 mew-7 mew-8 mew-c mew-d mew-f mew-i mew-1 x-effect-exit\" data-x-effect=\"{&quot;scroll&quot;:true,&quot;offsetTop&quot;:&quot;50%&quot;,&quot;offsetBottom&quot;:&quot;10%&quot;,&quot;behaviorScroll&quot;:&quot;fire-once&quot;,&quot;animationEnter&quot;:&quot;fadeIn&quot;,&quot;animationExit&quot;:&quot;rollOut&quot;}\"><div class=\"x-row-inner\"><div class=\"x-col e536-e51 mew-o\"><div class=\"x-text x-text-headline e536-e52 mew-r mew-t mew-v\"><div class=\"x-text-content\"><div class=\"x-text-content-text\"><h1 class=\"x-text-content-text-primary\">Avec la participation du Centre jeunesse de Montr\u00e9al<\/h1>\n<\/div><\/div><\/div><\/div><\/div><\/div><div class=\"x-row x-container max width e536-e53 mew-4 mew-7 mew-8 mew-9 mew-a mew-d mew-e mew-f mew-j mew-1 x-effect-exit\" data-x-effect=\"{&quot;scroll&quot;:true,&quot;offsetTop&quot;:&quot;50%&quot;,&quot;offsetBottom&quot;:&quot;10%&quot;,&quot;behaviorScroll&quot;:&quot;fire-once&quot;,&quot;animationEnter&quot;:&quot;fadeIn&quot;,&quot;animationExit&quot;:&quot;rollOut&quot;}\"><div class=\"x-row-inner\"><div class=\"x-col e536-e54 mew-m mew-o mew-p\"><div class=\"x-text x-text-headline e536-e55 mew-r mew-s mew-t mew-u\"><div class=\"x-text-content\"><div class=\"x-text-content-text\"><h1 class=\"x-text-content-text-primary\">Chantal B\u00e9langer<\/h1>\n<\/div><\/div><\/div><div class=\"x-text x-content e536-e56 mew-w mew-y mew-z\"><p>Travailleuse sociale (OTSTCFQ)<\/p><\/div><\/div><div class=\"x-col e536-e57 mew-m mew-o mew-p\"><div class=\"x-text x-text-headline e536-e58 mew-r mew-s mew-t mew-u\"><div class=\"x-text-content\"><div class=\"x-text-content-text\"><h1 class=\"x-text-content-text-primary\">RACHEL RUGILO<\/h1>\n<\/div><\/div><\/div><div class=\"x-text x-content e536-e59 mew-w mew-y mew-z\"><p>Intervenante psychosociale<\/p><\/div><\/div><\/div><\/div><div class=\"x-row x-container max width e536-e60 mew-4 mew-7 mew-8 mew-a mew-c mew-d mew-f mew-k\"><div class=\"x-row-inner\"><div class=\"x-col e536-e61 mew-o\"><div class=\"x-text x-text-headline e536-e62 mew-r mew-t mew-v\"><div class=\"x-text-content\"><div class=\"x-text-content-text\"><h1 class=\"x-text-content-text-primary\">Conseil d\u2019administration<\/h1>\n<\/div><\/div><\/div><\/div><\/div><\/div><div class=\"x-row x-container max width e536-e63 mew-4 mew-5 mew-8 mew-a mew-b mew-e mew-f mew-l mew-1 x-effect-exit\" data-x-effect=\"{&quot;scroll&quot;:true,&quot;offsetTop&quot;:&quot;10%&quot;,&quot;offsetBottom&quot;:&quot;10%&quot;,&quot;behaviorScroll&quot;:&quot;fire-once&quot;,&quot;animationEnter&quot;:&quot;fadeIn&quot;,&quot;animationExit&quot;:&quot;rollOut&quot;}\"><div class=\"x-row-inner\"><div class=\"x-col e536-e64 mew-m mew-o mew-p\"><div class=\"x-text x-text-headline e536-e65 mew-r mew-s mew-t mew-u\"><div class=\"x-text-content\"><div class=\"x-text-content-text\"><h1 class=\"x-text-content-text-primary\">Annie Arevian<\/h1>\n<\/div><\/div><\/div><div class=\"x-text x-content e536-e66 mew-w mew-y mew-z\"><p>Pr\u00e9sidente<\/p><\/div><\/div><div class=\"x-col e536-e67 mew-m mew-o mew-p\"><div class=\"x-text x-text-headline e536-e68 mew-r mew-s mew-t mew-u\"><div class=\"x-text-content\"><div class=\"x-text-content-text\"><h1 class=\"x-text-content-text-primary\">Sonia Gauthier<\/h1>\n<\/div><\/div><\/div><div class=\"x-text x-content e536-e69 mew-w mew-y mew-z\">Vice-Pr\u00e9sidente<\/div><\/div><div class=\"x-col e536-e70 mew-m mew-o mew-p\"><div class=\"x-text x-text-headline e536-e71 mew-r mew-s mew-t mew-u\"><div class=\"x-text-content\"><div class=\"x-text-content-text\"><h1 class=\"x-text-content-text-primary\">Eda romero<\/h1>\n<\/div><\/div><\/div><div class=\"x-text x-content e536-e72 mew-w mew-y mew-z\">Tr\u00e9sori\u00e8re<\/div><\/div><div class=\"x-col e536-e73 mew-m mew-o mew-p\"><div class=\"x-text x-text-headline e536-e74 mew-r mew-s mew-t mew-u\"><div class=\"x-text-content\"><div class=\"x-text-content-text\"><h1 class=\"x-text-content-text-primary\">Lyse Montminy<\/h1>\n<\/div><\/div><\/div><div class=\"x-text x-content e536-e75 mew-w mew-y mew-z\">Secr\u00e9taire<\/div><\/div><div class=\"x-col e536-e76 mew-m mew-o mew-p\"><div class=\"x-text x-text-headline e536-e77 mew-r mew-s mew-t mew-u\"><div class=\"x-text-content\"><div class=\"x-text-content-text\"><h1 class=\"x-text-content-text-primary\">J\u00c9R\u00c9MIE BRAULT<\/h1>\n<\/div><\/div><\/div><div class=\"x-text x-content e536-e78 mew-w mew-y mew-z\"><p>Administratreur<\/p><\/div><\/div><div class=\"x-col e536-e79 mew-m mew-o mew-p\"><div class=\"x-text x-text-headline e536-e80 mew-r mew-s mew-t mew-u\"><div class=\"x-text-content\"><div class=\"x-text-content-text\"><h1 class=\"x-text-content-text-primary\">Myl\u00e8ne L\u00e9gar\u00e9<\/h1>\n<\/div><\/div><\/div><div class=\"x-text x-content e536-e81 mew-w mew-y mew-z\">Administratrice<\/div><\/div><div class=\"x-col e536-e82 mew-m mew-o mew-p\"><div class=\"x-text x-text-headline e536-e83 mew-r mew-s mew-t mew-u\"><div class=\"x-text-content\"><div class=\"x-text-content-text\"><h1 class=\"x-text-content-text-primary\">Marie-claude saulnier<\/h1>\n<\/div><\/div><\/div><div class=\"x-text x-content e536-e84 mew-w mew-y mew-z\"><p>Administrateur<\/p><\/div><\/div><div class=\"x-col e536-e85 mew-m mew-o mew-p\"><div class=\"x-text x-text-headline e536-e86 mew-r mew-s mew-t mew-u\"><div class=\"x-text-content\"><div class=\"x-text-content-text\"><h1 class=\"x-text-content-text-primary\">Lucie Saint-Pierre<\/h1>\n<\/div><\/div><\/div><div class=\"x-text x-content e536-e87 mew-w mew-y mew-z\"><p>Directrice d'Option<\/p><\/div><\/div><\/div><\/div><\/div><\/div>","protected":false},"excerpt":{"rendered":"<p>Our team25 Option, une alternative \u00e0 la violence conjugale et familiale a \u00e9t\u00e9 fond\u00e9 en 1987 par un groupe d\u2019intervenants dont faisait partie Cl\u00e9ment Gu\u00e8vremont, qui \u00e9t\u00e9 directeur pendant 32 ans, ainsi que Fran\u00e7ois Lepage, qui occupe le poste de superviseur clinique.L\u2019\u00e9quipe d\u2019Option est compos\u00e9e de professionnel(le)s qui ont d\u00e9velopp\u00e9 une expertise dans l\u2019intervention aupr\u00e8s des personnes ayant des comportements &#8230; <\/p>\n<div><a href=\"https:\/\/2026.optionalternative.org\/en\/our-team\/\" class=\"more-link\">Read More<\/a><\/div>\n","protected":false},"author":1,"featured_media":0,"parent":0,"menu_order":0,"comment_status":"closed","ping_status":"closed","template":"template-blank-4.php","meta":{"footnotes":""},"class_list":["post-536","page","type-page","status-publish","hentry","no-post-thumbnail"],"yoast_head":"<!-- This site is optimized with the Yoast SEO plugin v27.2 - https:\/\/yoast.com\/product\/yoast-seo-wordpress\/ -->\n<title>Our team25 - Option Alternative<\/title>\n<meta name=\"robots\" content=\"index, follow, max-snippet:-1, max-image-preview:large, max-video-preview:-1\" \/>\n<link rel=\"canonical\" href=\"https:\/\/2026.optionalternative.org\/en\/our-team\/\" \/>\n<meta property=\"og:locale\" content=\"en_US\" \/>\n<meta property=\"og:type\" content=\"article\" \/>\n<meta property=\"og:title\" content=\"Our team25 - Option Alternative\" \/>\n<meta property=\"og:description\" content=\"Our team25 Option, une alternative \u00e0 la violence conjugale et familiale a \u00e9t\u00e9 fond\u00e9 en 1987 par un groupe d\u2019intervenants dont faisait partie Cl\u00e9ment Gu\u00e8vremont, qui \u00e9t\u00e9 directeur pendant 32 ans, ainsi que Fran\u00e7ois Lepage, qui occupe le poste de superviseur clinique.L\u2019\u00e9quipe d\u2019Option est compos\u00e9e de professionnel(le)s qui ont d\u00e9velopp\u00e9 une expertise dans l\u2019intervention aupr\u00e8s des personnes ayant des comportements ... Read More\" \/>\n<meta property=\"og:url\" content=\"https:\/\/2026.optionalternative.org\/en\/our-team\/\" \/>\n<meta property=\"og:site_name\" content=\"Option Alternative\" \/>\n<meta property=\"article:modified_time\" content=\"2026-03-03T14:06:29+00:00\" \/>\n<meta name=\"twitter:card\" content=\"summary_large_image\" \/>\n<meta name=\"twitter:label1\" content=\"Est. reading time\" \/>\n\t<meta name=\"twitter:data1\" content=\"1 minute\" \/>\n<script type=\"application\/ld+json\" class=\"yoast-schema-graph\">{\"@context\":\"https:\/\/schema.org\",\"@graph\":[{\"@type\":\"WebPage\",\"@id\":\"https:\/\/2026.optionalternative.org\/en\/our-team\/\",\"url\":\"https:\/\/2026.optionalternative.org\/en\/our-team\/\",\"name\":\"Our team25 - Option Alternative\",\"isPartOf\":{\"@id\":\"https:\/\/2026.optionalternative.org\/en\/#website\"},\"datePublished\":\"2025-05-08T12:25:50+00:00\",\"dateModified\":\"2026-03-03T14:06:29+00:00\",\"breadcrumb\":{\"@id\":\"https:\/\/2026.optionalternative.org\/en\/our-team\/#breadcrumb\"},\"inLanguage\":\"en-US\",\"potentialAction\":[{\"@type\":\"ReadAction\",\"target\":[\"https:\/\/2026.optionalternative.org\/en\/our-team\/\"]}]},{\"@type\":\"BreadcrumbList\",\"@id\":\"https:\/\/2026.optionalternative.org\/en\/our-team\/#breadcrumb\",\"itemListElement\":[{\"@type\":\"ListItem\",\"position\":1,\"name\":\"Accueil\",\"item\":\"https:\/\/2026.optionalternative.org\/en\/sample-page-2\/\"},{\"@type\":\"ListItem\",\"position\":2,\"name\":\"Our team25\"}]},{\"@type\":\"WebSite\",\"@id\":\"https:\/\/2026.optionalternative.org\/en\/#website\",\"url\":\"https:\/\/2026.optionalternative.org\/en\/\",\"name\":\"Option Alternative\",\"description\":\"Option Alternative\",\"potentialAction\":[{\"@type\":\"SearchAction\",\"target\":{\"@type\":\"EntryPoint\",\"urlTemplate\":\"https:\/\/2026.optionalternative.org\/en\/?s={search_term_string}\"},\"query-input\":{\"@type\":\"PropertyValueSpecification\",\"valueRequired\":true,\"valueName\":\"search_term_string\"}}],\"inLanguage\":\"en-US\"}]}<\/script>\n<!-- \/ Yoast SEO plugin. -->","yoast_head_json":{"title":"Our team25 - Option Alternative","robots":{"index":"index","follow":"follow","max-snippet":"max-snippet:-1","max-image-preview":"max-image-preview:large","max-video-preview":"max-video-preview:-1"},"canonical":"https:\/\/2026.optionalternative.org\/en\/our-team\/","og_locale":"en_US","og_type":"article","og_title":"Our team25 - Option Alternative","og_description":"Our team25 Option, une alternative \u00e0 la violence conjugale et familiale a \u00e9t\u00e9 fond\u00e9 en 1987 par un groupe d\u2019intervenants dont faisait partie Cl\u00e9ment Gu\u00e8vremont, qui \u00e9t\u00e9 directeur pendant 32 ans, ainsi que Fran\u00e7ois Lepage, qui occupe le poste de superviseur clinique.L\u2019\u00e9quipe d\u2019Option est compos\u00e9e de professionnel(le)s qui ont d\u00e9velopp\u00e9 une expertise dans l\u2019intervention aupr\u00e8s des personnes ayant des comportements ... Read More","og_url":"https:\/\/2026.optionalternative.org\/en\/our-team\/","og_site_name":"Option Alternative","article_modified_time":"2026-03-03T14:06:29+00:00","twitter_card":"summary_large_image","twitter_misc":{"Est. reading time":"1 minute"},"schema":{"@context":"https:\/\/schema.org","@graph":[{"@type":"WebPage","@id":"https:\/\/2026.optionalternative.org\/en\/our-team\/","url":"https:\/\/2026.optionalternative.org\/en\/our-team\/","name":"Our team25 - Option Alternative","isPartOf":{"@id":"https:\/\/2026.optionalternative.org\/en\/#website"},"datePublished":"2025-05-08T12:25:50+00:00","dateModified":"2026-03-03T14:06:29+00:00","breadcrumb":{"@id":"https:\/\/2026.optionalternative.org\/en\/our-team\/#breadcrumb"},"inLanguage":"en-US","potentialAction":[{"@type":"ReadAction","target":["https:\/\/2026.optionalternative.org\/en\/our-team\/"]}]},{"@type":"BreadcrumbList","@id":"https:\/\/2026.optionalternative.org\/en\/our-team\/#breadcrumb","itemListElement":[{"@type":"ListItem","position":1,"name":"Accueil","item":"https:\/\/2026.optionalternative.org\/en\/sample-page-2\/"},{"@type":"ListItem","position":2,"name":"Our team25"}]},{"@type":"WebSite","@id":"https:\/\/2026.optionalternative.org\/en\/#website","url":"https:\/\/2026.optionalternative.org\/en\/","name":"Option Alternative","description":"Option Alternative","potentialAction":[{"@type":"SearchAction","target":{"@type":"EntryPoint","urlTemplate":"https:\/\/2026.optionalternative.org\/en\/?s={search_term_string}"},"query-input":{"@type":"PropertyValueSpecification","valueRequired":true,"valueName":"search_term_string"}}],"inLanguage":"en-US"}]}},"_links":{"self":[{"href":"https:\/\/2026.optionalternative.org\/en\/wp-json\/wp\/v2\/pages\/536","targetHints":{"allow":["GET"]}}],"collection":[{"href":"https:\/\/2026.optionalternative.org\/en\/wp-json\/wp\/v2\/pages"}],"about":[{"href":"https:\/\/2026.optionalternative.org\/en\/wp-json\/wp\/v2\/types\/page"}],"author":[{"embeddable":true,"href":"https:\/\/2026.optionalternative.org\/en\/wp-json\/wp\/v2\/users\/1"}],"replies":[{"embeddable":true,"href":"https:\/\/2026.optionalternative.org\/en\/wp-json\/wp\/v2\/comments?post=536"}],"version-history":[{"count":4,"href":"https:\/\/2026.optionalternative.org\/en\/wp-json\/wp\/v2\/pages\/536\/revisions"}],"predecessor-version":[{"id":540,"href":"https:\/\/2026.optionalternative.org\/en\/wp-json\/wp\/v2\/pages\/536\/revisions\/540"}],"wp:attachment":[{"href":"https:\/\/2026.optionalternative.org\/en\/wp-json\/wp\/v2\/media?parent=536"}],"curies":[{"name":"wp","href":"https:\/\/api.w.org\/{rel}","templated":true}]}}