{"id":588,"date":"2025-05-14T12:46:02","date_gmt":"2025-05-14T12:46:02","guid":{"rendered":"https:\/\/2026.optionalternative.org\/witness-policy\/"},"modified":"2026-03-03T15:15:19","modified_gmt":"2026-03-03T15:15:19","slug":"witness-policy","status":"publish","type":"page","link":"https:\/\/2026.optionalternative.org\/en\/witness-policy\/","title":{"rendered":"Witness Policy"},"content":{"rendered":"<div id=\"cs-content\" class=\"cs-content\"><div class=\"x-section e588-e1 mgc-0\"><div class=\"x-row x-container max width e588-e2 mgc-5 mgc-6 mgc-9 mgc-a\"><div class=\"x-row-inner\"><div class=\"x-col e588-e3 mgc-f\"><div class=\"x-text x-text-headline e588-e4 mgc-g mgc-h mgc-i mgc-j mgc-1 mgc-2 x-effect-exit\" data-x-effect=\"{&quot;scroll&quot;:true,&quot;offsetTop&quot;:&quot;10%&quot;,&quot;offsetBottom&quot;:&quot;10%&quot;,&quot;behaviorScroll&quot;:&quot;fire-once&quot;,&quot;animationEnter&quot;:&quot;fadeIn&quot;,&quot;animationExit&quot;:&quot;rollOut&quot;}\"><div class=\"x-text-content\"><div class=\"x-text-content-text\"><h1 class=\"x-text-content-text-primary\">politique sur les temoins<\/h1>\n<\/div><\/div><\/div><\/div><\/div><\/div><div class=\"x-row x-container max width e588-e5 mgc-5 mgc-7 mgc-9 mgc-b\"><div class=\"x-row-inner\"><div class=\"x-col e588-e6 mgc-f\"><div class=\"x-text x-text-headline e588-e7 mgc-h mgc-j mgc-k mgc-l mgc-1 mgc-2 x-effect-exit\" data-x-effect=\"{&quot;scroll&quot;:true,&quot;offsetTop&quot;:&quot;10%&quot;,&quot;offsetBottom&quot;:&quot;10%&quot;,&quot;behaviorScroll&quot;:&quot;fire-once&quot;,&quot;animationEnter&quot;:&quot;fadeIn&quot;,&quot;animationExit&quot;:&quot;rollOut&quot;}\"><div class=\"x-text-content\"><div class=\"x-text-content-text\"><h1 class=\"x-text-content-text-primary\"><strong>Que sont les cookies ?<\/strong><\/h1>\n<\/div><\/div><\/div><div class=\"x-text x-content e588-e8 mgc-n mgc-o mgc-1 mgc-3 x-effect-exit\" data-x-effect=\"{&quot;scroll&quot;:true,&quot;offsetTop&quot;:&quot;10%&quot;,&quot;offsetBottom&quot;:&quot;10%&quot;,&quot;behaviorScroll&quot;:&quot;fire-once&quot;,&quot;animationEnter&quot;:&quot;fadeIn&quot;,&quot;animationExit&quot;:&quot;rollOut&quot;}\"><p>Cette politique en mati\u00e8re de cookies explique ce que sont les cookies et comment nous les utilisons, les types de cookies que nous utilisons, c\u2019est-\u00e0-dire les informations que nous collectons \u00e0 l\u2019aide des cookies et comment ces informations sont utilis\u00e9es, et comment g\u00e9rer les param\u00e8tres des cookies.<br>Les cookies sont de petits fichiers texte utilis\u00e9s pour stocker de petites informations. Ils sont stock\u00e9s sur votre appareil lorsque le site Internet est charg\u00e9 sur votre navigateur. Ces cookies nous aident \u00e0 faire fonctionner le site Web correctement, \u00e0 le rendre plus s\u00e9curis\u00e9, \u00e0 offrir une meilleure exp\u00e9rience utilisateur, \u00e0 comprendre les performances du site Web et \u00e0 analyser ce qui fonctionne et o\u00f9 il doit \u00eatre am\u00e9lior\u00e9.<\/p><\/div><\/div><\/div><\/div><div class=\"x-row x-container max width e588-e9 mgc-5 mgc-8 mgc-9 mgc-c\"><div class=\"x-row-inner\"><div class=\"x-col e588-e10 mgc-f\"><div class=\"x-text x-text-headline e588-e11 mgc-h mgc-j mgc-k mgc-l mgc-1 mgc-2 x-effect-exit\" data-x-effect=\"{&quot;scroll&quot;:true,&quot;offsetTop&quot;:&quot;10%&quot;,&quot;offsetBottom&quot;:&quot;10%&quot;,&quot;behaviorScroll&quot;:&quot;fire-once&quot;,&quot;animationEnter&quot;:&quot;fadeIn&quot;,&quot;animationExit&quot;:&quot;rollOut&quot;}\"><div class=\"x-text-content\"><div class=\"x-text-content-text\"><h1 class=\"x-text-content-text-primary\"><strong>Comment utilisons-nous les cookies ?<\/strong><\/h1>\n<\/div><\/div><\/div><div class=\"x-text x-content e588-e12 mgc-n mgc-o mgc-1 mgc-3 x-effect-exit\" data-x-effect=\"{&quot;scroll&quot;:true,&quot;offsetTop&quot;:&quot;10%&quot;,&quot;offsetBottom&quot;:&quot;10%&quot;,&quot;behaviorScroll&quot;:&quot;fire-once&quot;,&quot;animationEnter&quot;:&quot;fadeIn&quot;,&quot;animationExit&quot;:&quot;rollOut&quot;}\"><p>Comme la plupart des services en ligne, notre site Web utilise des cookies propri\u00e9taires et tiers \u00e0 plusieurs fins. Les cookies de premi\u00e8re partie sont pour la plupart n\u00e9cessaires au bon fonctionnement du site Web et ils ne collectent aucune de vos donn\u00e9es personnelles identifiables.<br>Les cookies tiers utilis\u00e9s sur notre site Web servent principalement \u00e0 comprendre les performances du site Web, la fa\u00e7on dont vous interagissez avec notre site Web, \u00e0 assurer la s\u00e9curit\u00e9 de nos services, \u00e0 fournir des publicit\u00e9s qui vous int\u00e9ressent et, dans l\u2019ensemble, \u00e0 vous offrir un utilisateur meilleur et am\u00e9lior\u00e9. exp\u00e9rience et vous aider \u00e0 acc\u00e9l\u00e9rer vos futures interactions avec notre site Web.<\/p><\/div><\/div><\/div><\/div><div class=\"x-row x-container max width e588-e13 mgc-5 mgc-8 mgc-9 mgc-d\"><div class=\"x-row-inner\"><div class=\"x-col e588-e14 mgc-f\"><div class=\"x-text x-text-headline e588-e15 mgc-h mgc-j mgc-k mgc-l mgc-1 mgc-2 x-effect-exit\" data-x-effect=\"{&quot;scroll&quot;:true,&quot;offsetTop&quot;:&quot;10%&quot;,&quot;offsetBottom&quot;:&quot;10%&quot;,&quot;behaviorScroll&quot;:&quot;fire-once&quot;,&quot;animationEnter&quot;:&quot;fadeIn&quot;,&quot;animationExit&quot;:&quot;rollOut&quot;}\"><div class=\"x-text-content\"><div class=\"x-text-content-text\"><h1 class=\"x-text-content-text-primary\"><strong>Que sont les cookies ?<\/strong><\/h1>\n<\/div><\/div><\/div><div class=\"x-text x-text-headline e588-e16 mgc-h mgc-i mgc-k mgc-m\"><div class=\"x-text-content\"><div class=\"x-text-content-text\"><h1 class=\"x-text-content-text-primary\">N\u00e9cessaire<\/h1>\n<\/div><\/div><\/div><div class=\"x-text x-content e588-e17 mgc-n mgc-o mgc-1 mgc-3 x-effect-exit\" data-x-effect=\"{&quot;scroll&quot;:true,&quot;offsetTop&quot;:&quot;10%&quot;,&quot;offsetBottom&quot;:&quot;10%&quot;,&quot;behaviorScroll&quot;:&quot;fire-once&quot;,&quot;animationEnter&quot;:&quot;fadeIn&quot;,&quot;animationExit&quot;:&quot;rollOut&quot;}\"><p>Les cookies n\u00e9cessaires sont cruciaux pour les fonctions de base du site Web et celui-ci ne fonctionnera pas comme pr\u00e9vu sans eux.Ces cookies ne stockent aucune donn\u00e9e personnellement identifiable.<\/p><\/div><div class=\"x-text x-content e588-e18 mgc-n mgc-p cky-audit-table-element\"><\/div><\/div><\/div><\/div><div class=\"x-row x-container max width e588-e19 mgc-5 mgc-8 mgc-9 mgc-e\"><div class=\"x-row-inner\"><div class=\"x-col e588-e20 mgc-f\"><div class=\"x-text x-text-headline e588-e21 mgc-h mgc-j mgc-k mgc-l mgc-1 mgc-2 x-effect-exit\" data-x-effect=\"{&quot;scroll&quot;:true,&quot;offsetTop&quot;:&quot;10%&quot;,&quot;offsetBottom&quot;:&quot;10%&quot;,&quot;behaviorScroll&quot;:&quot;fire-once&quot;,&quot;animationEnter&quot;:&quot;fadeIn&quot;,&quot;animationExit&quot;:&quot;rollOut&quot;}\"><div class=\"x-text-content\"><div class=\"x-text-content-text\"><h1 class=\"x-text-content-text-primary\"><strong>G\u00e9rer les pr\u00e9f\u00e9rences en mati\u00e8re de cookies<\/strong><\/h1>\n<\/div><\/div><\/div><div class=\"x-text x-content e588-e22 mgc-n mgc-o mgc-1 mgc-3 x-effect-exit\" data-x-effect=\"{&quot;scroll&quot;:true,&quot;offsetTop&quot;:&quot;10%&quot;,&quot;offsetBottom&quot;:&quot;10%&quot;,&quot;behaviorScroll&quot;:&quot;fire-once&quot;,&quot;animationEnter&quot;:&quot;fadeIn&quot;,&quot;animationExit&quot;:&quot;rollOut&quot;}\"><div class=\"jupiterx-main-content\">\n<div class=\"container\">\n<div class=\"row\">\n<div id=\"jupiterx-primary\" class=\"jupiterx-primary col-lg-12\">\n<div class=\"jupiterx-content\" role=\"main\"><article id=\"1508\" class=\"jupiterx-post post-1508 page type-page status-publish hentry\">\n<div class=\"jupiterx-post-body\">\n<div class=\"jupiterx-post-content clearfix\">\n<p>Cliquer sur ce bouton permettra \u00e0 votre visiteur de configurer ses pr\u00e9f\u00e9rences en mati\u00e8re de cookies.<\/p>\n\n<\/div>\n<\/div>\n<\/article><\/div>\n<\/div>\n<\/div>\n<\/div>\n<\/div><\/div><a class=\"x-anchor x-anchor-button e588-e23 mgc-q mgc-1 mgc-4 cky-banner-element x-effect-exit\" tabindex=\"0\" href=\"#\" data-x-effect=\"{&quot;scroll&quot;:true,&quot;offsetTop&quot;:&quot;10%&quot;,&quot;offsetBottom&quot;:&quot;10%&quot;,&quot;behaviorScroll&quot;:&quot;fire-once&quot;,&quot;animationEnter&quot;:&quot;fadeIn&quot;,&quot;animationExit&quot;:&quot;rollOut&quot;}\"><div class=\"x-anchor-content\"><div class=\"x-anchor-text\"><span class=\"x-anchor-text-primary\">Param\u00e8tres des cookies<\/span><\/div><\/div><\/a><div class=\"x-text x-content e588-e24 mgc-n mgc-o mgc-1 mgc-3 x-effect-exit\" data-x-effect=\"{&quot;scroll&quot;:true,&quot;offsetTop&quot;:&quot;10%&quot;,&quot;offsetBottom&quot;:&quot;10%&quot;,&quot;behaviorScroll&quot;:&quot;fire-once&quot;,&quot;animationEnter&quot;:&quot;fadeIn&quot;,&quot;animationExit&quot;:&quot;rollOut&quot;}\"><main id=\"jupiterx-main\" class=\"jupiterx-main\"><\/main>\n<div class=\"jupiterx-main-content\">\n<div class=\"container\">\n<div class=\"row\">\n<div id=\"jupiterx-primary\" class=\"jupiterx-primary col-lg-12\">\n<div class=\"jupiterx-content\" role=\"main\" itemprop=\"mainEntityOfPage\"><article id=\"1508\" class=\"jupiterx-post post-1508 page type-page status-publish hentry\" itemscope=\"itemscope\" itemtype=\"http:\/\/schema.org\/CreativeWork\">\n<div class=\"jupiterx-post-body\" itemprop=\"articleBody\">\n<div class=\"jupiterx-post-content clearfix\" itemprop=\"text\">\n<p>Vous pouvez modifier vos pr\u00e9f\u00e9rences en mati\u00e8re de cookies \u00e0 tout moment en cliquant sur le bouton ci-dessus. Cela vous permettra de revoir la banni\u00e8re de consentement aux cookies et de modifier vos pr\u00e9f\u00e9rences ou de retirer votre consentement imm\u00e9diatement.<br>En plus de cela, diff\u00e9rents navigateurs proposent diff\u00e9rentes m\u00e9thodes pour bloquer et supprimer les cookies utilis\u00e9s par les sites Web. Vous pouvez modifier les param\u00e8tres de votre navigateur pour bloquer\/supprimer les cookies. Vous trouverez ci-dessous les liens vers les documents d\u2019assistance sur la fa\u00e7on de g\u00e9rer et de supprimer les cookies des principaux navigateurs Web. <br>Chrome: <a href=\"https:\/\/support.google.com\/accounts\/answer\/32050\">https:\/\/support.google.com\/accounts\/answer\/32050<\/a><br>Safari: <a href=\"https:\/\/support.apple.com\/en-in\/guide\/safari\/sfri11471\/mac\">https:\/\/support.apple.com\/en-in\/guide\/safari\/sfri11471\/mac<\/a><br>Firefox: <a href=\"https:\/\/support.mozilla.org\/en-US\/kb\/clear-cookies-and-site-data-firefox?redirectslug=delete-cookies-remove-info-websites-stored&amp;redirectlocale=en-US\">https:\/\/support.mozilla.org\/en-US\/kb\/clear-cookies-and-site-data-firefox?redirectslug=delete-cookies-remove-info-websites-stored&amp;redirectlocale=en-US<\/a><br>Internet Explorer: <a href=\"https:\/\/support.microsoft.com\/en-us\/topic\/how-to-delete-cookie-files-in-internet-explorer-bca9446f-d873-78de-77ba-d42645fa52fc\">https:\/\/support.microsoft.com\/en-us\/topic\/how-to-delete-cookie-files-in-internet-explorer-bca9446f-d873-78de-77ba-d42645fa52fc<\/a><br>Si vous utilisez un autre navigateur Web, veuillez consulter les documents d\u2019assistance officiels de votre navigateur.<\/p>\n<p>Lucie St-Pierre, Directrice<\/p>\n<p>Adresse courriel: <a href=\"mailto:direction@optionalternative.org\">direction@optionalternative.org<\/a><br>Tel: 514-527-1757 poste 104<\/p>\n\n<\/div>\n<\/div>\n<\/article><\/div>\n<\/div>\n<\/div>\n<\/div>\n<\/div>\n<p><\/p>\n\n<footer class=\"jupiterx-footer\" role=\"contentinfo\" itemscope=\"itemscope\" itemtype=\"http:\/\/schema.org\/WPFooter\">\n<div data-elementor-type=\"footer\" data-elementor-id=\"150\" class=\"elementor elementor-150\"><section class=\"elementor-section elementor-top-section elementor-element elementor-element-c8b7a67 elementor-section-stretched elementor-section-full_width visuelFooter elementor-section-height-default elementor-section-height-default jet-parallax-section\" data-id=\"c8b7a67\" data-element_type=\"section\" data-settings=\"{\"stretch_section\":\"section-stretched\",\"jet_parallax_layout_list\":[{\"jet_parallax_layout_image\":{\"url\":\"\",\"id\":\"\",\"size\":\"\"},\"_id\":\"72e14d2\",\"jet_parallax_layout_image_tablet\":{\"url\":\"\",\"id\":\"\",\"size\":\"\"},\"jet_parallax_layout_image_mobile\":{\"url\":\"\",\"id\":\"\",\"size\":\"\"},\"jet_parallax_layout_speed\":{\"unit\":\"%\",\"size\":50,\"sizes\":[]},\"jet_parallax_layout_type\":\"scroll\",\"jet_parallax_layout_direction\":null,\"jet_parallax_layout_fx_direction\":null,\"jet_parallax_layout_z_index\":\"\",\"jet_parallax_layout_bg_x\":50,\"jet_parallax_layout_bg_x_tablet\":\"\",\"jet_parallax_layout_bg_x_mobile\":\"\",\"jet_parallax_layout_bg_y\":50,\"jet_parallax_layout_bg_y_tablet\":\"\",\"jet_parallax_layout_bg_y_mobile\":\"\",\"jet_parallax_layout_bg_size\":\"auto\",\"jet_parallax_layout_bg_size_tablet\":\"\",\"jet_parallax_layout_bg_size_mobile\":\"\",\"jet_parallax_layout_animation_prop\":\"transform\",\"jet_parallax_layout_on\":[\"desktop\",\"tablet\"]}]}\">\n<div class=\"jet-parallax-section__layout elementor-repeater-item-72e14d2 jet-parallax-section__scroll-layout is-mac\">\n<div class=\"jet-parallax-section__image\"><\/div>\n<\/div>\n<div class=\"elementor-container elementor-column-gap-default\">\n<div class=\"elementor-column elementor-col-100 elementor-top-column elementor-element elementor-element-2f67163\" data-id=\"2f67163\" data-element_type=\"column\">\n<div class=\"elementor-widget-wrap elementor-element-populated\">\n<div class=\"elementor-element elementor-element-963f7e5 elementor-widget elementor-widget-image\" data-id=\"963f7e5\" data-element_type=\"widget\" data-widget_type=\"image.default\">\n<div class=\"elementor-widget-container\"><\/div>\n<\/div>\n<\/div>\n<\/div>\n<\/div>\n<\/section><\/div>\n<\/footer><\/div><\/div><\/div><\/div><\/div><\/div>","protected":false},"excerpt":{"rendered":"<p>politique sur les temoins Que sont les cookies ? Cette politique en mati\u00e8re de cookies explique ce que sont les cookies et comment nous les utilisons, les types de cookies que nous utilisons, c\u2019est-\u00e0-dire les informations que nous collectons \u00e0 l\u2019aide des cookies et comment ces informations sont utilis\u00e9es, et comment g\u00e9rer les param\u00e8tres des cookies.Les cookies sont de petits &#8230; <\/p>\n<div><a href=\"https:\/\/2026.optionalternative.org\/en\/witness-policy\/\" class=\"more-link\">Read More<\/a><\/div>\n","protected":false},"author":1,"featured_media":0,"parent":0,"menu_order":0,"comment_status":"closed","ping_status":"closed","template":"template-blank-4.php","meta":{"footnotes":""},"class_list":["post-588","page","type-page","status-publish","hentry","no-post-thumbnail"],"yoast_head":"<!-- This site is optimized with the Yoast SEO plugin v27.2 - https:\/\/yoast.com\/product\/yoast-seo-wordpress\/ -->\n<title>Witness Policy - Option Alternative<\/title>\n<meta name=\"robots\" content=\"index, follow, max-snippet:-1, max-image-preview:large, max-video-preview:-1\" \/>\n<link rel=\"canonical\" href=\"https:\/\/2026.optionalternative.org\/en\/witness-policy\/\" \/>\n<meta property=\"og:locale\" content=\"en_US\" \/>\n<meta property=\"og:type\" content=\"article\" \/>\n<meta property=\"og:title\" content=\"Witness Policy - Option Alternative\" \/>\n<meta property=\"og:description\" content=\"politique sur les temoins Que sont les cookies ? Cette politique en mati\u00e8re de cookies explique ce que sont les cookies et comment nous les utilisons, les types de cookies que nous utilisons, c\u2019est-\u00e0-dire les informations que nous collectons \u00e0 l\u2019aide des cookies et comment ces informations sont utilis\u00e9es, et comment g\u00e9rer les param\u00e8tres des cookies.Les cookies sont de petits ... Read More\" \/>\n<meta property=\"og:url\" content=\"https:\/\/2026.optionalternative.org\/en\/witness-policy\/\" \/>\n<meta property=\"og:site_name\" content=\"Option Alternative\" \/>\n<meta property=\"article:modified_time\" content=\"2026-03-03T15:15:19+00:00\" \/>\n<meta name=\"twitter:card\" content=\"summary_large_image\" \/>\n<meta name=\"twitter:label1\" content=\"Est. reading time\" \/>\n\t<meta name=\"twitter:data1\" content=\"3 minutes\" \/>\n<script type=\"application\/ld+json\" class=\"yoast-schema-graph\">{\"@context\":\"https:\/\/schema.org\",\"@graph\":[{\"@type\":\"WebPage\",\"@id\":\"https:\/\/2026.optionalternative.org\/en\/witness-policy\/\",\"url\":\"https:\/\/2026.optionalternative.org\/en\/witness-policy\/\",\"name\":\"Witness Policy - Option Alternative\",\"isPartOf\":{\"@id\":\"https:\/\/2026.optionalternative.org\/en\/#website\"},\"datePublished\":\"2025-05-14T12:46:02+00:00\",\"dateModified\":\"2026-03-03T15:15:19+00:00\",\"breadcrumb\":{\"@id\":\"https:\/\/2026.optionalternative.org\/en\/witness-policy\/#breadcrumb\"},\"inLanguage\":\"en-US\",\"potentialAction\":[{\"@type\":\"ReadAction\",\"target\":[\"https:\/\/2026.optionalternative.org\/en\/witness-policy\/\"]}]},{\"@type\":\"BreadcrumbList\",\"@id\":\"https:\/\/2026.optionalternative.org\/en\/witness-policy\/#breadcrumb\",\"itemListElement\":[{\"@type\":\"ListItem\",\"position\":1,\"name\":\"Accueil\",\"item\":\"https:\/\/2026.optionalternative.org\/en\/sample-page-2\/\"},{\"@type\":\"ListItem\",\"position\":2,\"name\":\"Witness Policy\"}]},{\"@type\":\"WebSite\",\"@id\":\"https:\/\/2026.optionalternative.org\/en\/#website\",\"url\":\"https:\/\/2026.optionalternative.org\/en\/\",\"name\":\"Option Alternative\",\"description\":\"Option Alternative\",\"potentialAction\":[{\"@type\":\"SearchAction\",\"target\":{\"@type\":\"EntryPoint\",\"urlTemplate\":\"https:\/\/2026.optionalternative.org\/en\/?s={search_term_string}\"},\"query-input\":{\"@type\":\"PropertyValueSpecification\",\"valueRequired\":true,\"valueName\":\"search_term_string\"}}],\"inLanguage\":\"en-US\"}]}<\/script>\n<!-- \/ Yoast SEO plugin. -->","yoast_head_json":{"title":"Witness Policy - Option Alternative","robots":{"index":"index","follow":"follow","max-snippet":"max-snippet:-1","max-image-preview":"max-image-preview:large","max-video-preview":"max-video-preview:-1"},"canonical":"https:\/\/2026.optionalternative.org\/en\/witness-policy\/","og_locale":"en_US","og_type":"article","og_title":"Witness Policy - Option Alternative","og_description":"politique sur les temoins Que sont les cookies ? Cette politique en mati\u00e8re de cookies explique ce que sont les cookies et comment nous les utilisons, les types de cookies que nous utilisons, c\u2019est-\u00e0-dire les informations que nous collectons \u00e0 l\u2019aide des cookies et comment ces informations sont utilis\u00e9es, et comment g\u00e9rer les param\u00e8tres des cookies.Les cookies sont de petits ... Read More","og_url":"https:\/\/2026.optionalternative.org\/en\/witness-policy\/","og_site_name":"Option Alternative","article_modified_time":"2026-03-03T15:15:19+00:00","twitter_card":"summary_large_image","twitter_misc":{"Est. reading time":"3 minutes"},"schema":{"@context":"https:\/\/schema.org","@graph":[{"@type":"WebPage","@id":"https:\/\/2026.optionalternative.org\/en\/witness-policy\/","url":"https:\/\/2026.optionalternative.org\/en\/witness-policy\/","name":"Witness Policy - Option Alternative","isPartOf":{"@id":"https:\/\/2026.optionalternative.org\/en\/#website"},"datePublished":"2025-05-14T12:46:02+00:00","dateModified":"2026-03-03T15:15:19+00:00","breadcrumb":{"@id":"https:\/\/2026.optionalternative.org\/en\/witness-policy\/#breadcrumb"},"inLanguage":"en-US","potentialAction":[{"@type":"ReadAction","target":["https:\/\/2026.optionalternative.org\/en\/witness-policy\/"]}]},{"@type":"BreadcrumbList","@id":"https:\/\/2026.optionalternative.org\/en\/witness-policy\/#breadcrumb","itemListElement":[{"@type":"ListItem","position":1,"name":"Accueil","item":"https:\/\/2026.optionalternative.org\/en\/sample-page-2\/"},{"@type":"ListItem","position":2,"name":"Witness Policy"}]},{"@type":"WebSite","@id":"https:\/\/2026.optionalternative.org\/en\/#website","url":"https:\/\/2026.optionalternative.org\/en\/","name":"Option Alternative","description":"Option Alternative","potentialAction":[{"@type":"SearchAction","target":{"@type":"EntryPoint","urlTemplate":"https:\/\/2026.optionalternative.org\/en\/?s={search_term_string}"},"query-input":{"@type":"PropertyValueSpecification","valueRequired":true,"valueName":"search_term_string"}}],"inLanguage":"en-US"}]}},"_links":{"self":[{"href":"https:\/\/2026.optionalternative.org\/en\/wp-json\/wp\/v2\/pages\/588","targetHints":{"allow":["GET"]}}],"collection":[{"href":"https:\/\/2026.optionalternative.org\/en\/wp-json\/wp\/v2\/pages"}],"about":[{"href":"https:\/\/2026.optionalternative.org\/en\/wp-json\/wp\/v2\/types\/page"}],"author":[{"embeddable":true,"href":"https:\/\/2026.optionalternative.org\/en\/wp-json\/wp\/v2\/users\/1"}],"replies":[{"embeddable":true,"href":"https:\/\/2026.optionalternative.org\/en\/wp-json\/wp\/v2\/comments?post=588"}],"version-history":[{"count":2,"href":"https:\/\/2026.optionalternative.org\/en\/wp-json\/wp\/v2\/pages\/588\/revisions"}],"predecessor-version":[{"id":590,"href":"https:\/\/2026.optionalternative.org\/en\/wp-json\/wp\/v2\/pages\/588\/revisions\/590"}],"wp:attachment":[{"href":"https:\/\/2026.optionalternative.org\/en\/wp-json\/wp\/v2\/media?parent=588"}],"curies":[{"name":"wp","href":"https:\/\/api.w.org\/{rel}","templated":true}]}}