{"id":591,"date":"2025-05-12T16:16:53","date_gmt":"2025-05-12T16:16:53","guid":{"rendered":"https:\/\/2026.optionalternative.org\/questions-and-answer\/"},"modified":"2026-03-03T15:19:33","modified_gmt":"2026-03-03T15:19:33","slug":"questions-and-answer","status":"publish","type":"page","link":"https:\/\/2026.optionalternative.org\/en\/questions-and-answer\/","title":{"rendered":"Questions and answer"},"content":{"rendered":"<div id=\"cs-content\" class=\"cs-content\"><div class=\"x-section e591-e1 mgf-0\"><div class=\"x-row x-container max width e591-e2 mgf-3 mgf-4 mgf-6 mgf-7\"><div class=\"x-row-inner\"><div class=\"x-col e591-e3 mgf-a\"><div class=\"x-text x-text-headline e591-e4 mgf-c mgf-d mgf-1 x-effect-exit\" data-x-effect=\"{&quot;scroll&quot;:true,&quot;offsetTop&quot;:&quot;10%&quot;,&quot;offsetBottom&quot;:&quot;10%&quot;,&quot;behaviorScroll&quot;:&quot;fire-once&quot;,&quot;animationEnter&quot;:&quot;fadeInDown&quot;,&quot;animationExit&quot;:&quot;rollOut&quot;}\"><div class=\"x-text-content\"><div class=\"x-text-content-text\"><h1 class=\"x-text-content-text-primary\">Les violences conjugales et familiales<\/h1>\n<\/div><\/div><\/div><div class=\"x-text x-text-headline e591-e5 mgf-c mgf-e mgf-1 mgf-2 x-effect-exit\" data-x-effect=\"{&quot;scroll&quot;:true,&quot;offsetTop&quot;:&quot;10%&quot;,&quot;offsetBottom&quot;:&quot;10%&quot;,&quot;behaviorScroll&quot;:&quot;fire-once&quot;}\"><div class=\"x-text-content\"><div class=\"x-text-content-text\"><h1 class=\"x-text-content-text-primary\">Questions and answer<\/h1>\n<\/div><\/div><\/div><div class=\"x-acc e591-e6 mgf-f mgf-1 x-effect-exit\" id=\"x-acc-e591-e6\" data-x-effect=\"{&quot;scroll&quot;:true,&quot;offsetTop&quot;:&quot;10%&quot;,&quot;offsetBottom&quot;:&quot;10%&quot;,&quot;behaviorScroll&quot;:&quot;fire-once&quot;,&quot;animationEnter&quot;:&quot;fadeInDown&quot;,&quot;animationExit&quot;:&quot;rollOut&quot;}\"><div class=\"e591-e7 x-acc-item\"><button id=\"tab-e591-e7\" class=\"x-acc-header\" role=\"button\" type=\"button\" aria-expanded=\"false\" aria-controls=\"panel-e591-e7\" data-x-toggle=\"collapse\" data-x-toggleable=\"e591-e7\"><span class=\"x-acc-header-content\"><span class=\"x-acc-header-indicator\">&#x25b8;<\/span><span class=\"x-acc-header-text\">Quelle est la diff\u00e9rence entre une dynamique de violence conjugale et un conflit dans le couple?<\/span><\/span><\/button><div id=\"panel-e591-e7\" role=\"tabpanel\" aria-hidden=\"true\" aria-labelledby=\"tab-e591-e7\" data-x-toggleable=\"e591-e7\" data-x-toggle-collapse=\"1\" class=\"x-collapsed\"><div class=\"x-acc-content\"><div class=\"x-row e591-e8 mgf-3 mgf-5 mgf-6 mgf-8\"><div class=\"x-row-inner\"><div class=\"x-col e591-e9 mgf-a mgf-b\"><span class=\"x-image e591-e10 mgf-g\"><img decoding=\"async\" src=\"https:\/\/2026.optionalternative.org\/wp-content\/uploads\/2025\/05\/op123-copy2-300x290-1.jpg\" width=\"300\" height=\"290\" alt=\"Image\" loading=\"lazy\"><\/span><\/div><div class=\"x-col e591-e11 mgf-a\"><div class=\"x-text x-content e591-e12 mgf-h mgf-i\"><p>Un <strong>conflit<\/strong> est le r\u00e9sultat d\u2019un d\u00e9saccord entre deux personnes. Dans ce genre de situation, il est normal de ressentir de la col\u00e8re et de la frustration. Il peut arriver que, dans l\u2019argumentation, le ton monte, que des mots soient dits ou des gestes soient pos\u00e9s avec agressivit\u00e9. Cela dit, lors d\u2019un conflit, les membres du couple ont la libert\u00e9 de s\u2019exprimer, d\u2019agir et de n\u00e9gocier : la relation est \u00e9galitaire. Dans ce sens, ils ne sont pas envahis par la peur. Aussi, les deux peuvent vouloir gagner leur point, mais pas \u00e0 tout prix et l\u2019un des membres du couple ou les deux n\u2019essaient pas d\u2019\u00e9craser ou de contr\u00f4ler l\u2019autre. Par contre, chez certains couples, les conflits, s\u2019ils sont mal g\u00e9r\u00e9s, peuvent devenir de plus en plus fr\u00e9quents ou d\u00e9g\u00e9n\u00e9rer et basculer dans la violence.      <\/p>\n<p>Dans les <strong>situations de violence<\/strong>, les comportements d\u2019un ou des deux membres du couple visent \u00e0 imposer \u00e0 l\u2019autre ses r\u00e8gles, ses besoins, ses d\u00e9sirs et ses croyances, par exemple, par du d\u00e9nigrement, des insultes, des menaces, des coups, etc. Autrement dit, la discussion et l\u2019\u00e9coute ne sont pas possibles : la relation est in\u00e9galitaire. La violence n\u2019est pas une perte de contr\u00f4le de soi, mais plut\u00f4t une prise de pouvoir sur l\u2019autre \u00e0 tout prix. Pr\u00e9cisons que la violence n\u2019est jamais justifiable m\u00eame si la personne agresseure tente de justifier ses comportements et d\u2019en remettre la responsabilit\u00e9 \u00e0 l\u2019autre. La violence entra\u00eene de graves cons\u00e9quences pour toutes les personnes impliqu\u00e9es, dont les enfants qui y sont expos\u00e9s. Soulignons \u00e9galement que, dans la violence, la personne ne tient plus compte de l\u2019autre et de l\u2019effet que ses comportements peuvent occasionner. Chez plusieurs couples o\u00f9 il y a de la violence conjugale, un cycle s\u2019installe. En effet, les situations de violence peuvent se r\u00e9p\u00e9ter et \u00e9voluer (en intensit\u00e9 et en gravit\u00e9).       <\/p>\n<p>Prendre conscience de la dynamique dans son couple permet de se voir aller et de briser le cycle<\/p><\/div><\/div><\/div><\/div><\/div><\/div><\/div><div class=\"e591-e13 x-acc-item\"><button id=\"tab-e591-e13\" class=\"x-acc-header\" role=\"button\" type=\"button\" aria-expanded=\"false\" aria-controls=\"panel-e591-e13\" data-x-toggle=\"collapse\" data-x-toggleable=\"e591-e13\"><span class=\"x-acc-header-content\"><span class=\"x-acc-header-indicator\">&#x25b8;<\/span><span class=\"x-acc-header-text\">Ai-je le droit d\u2019\u00eatre en col\u00e8re?<\/span><\/span><\/button><div id=\"panel-e591-e13\" role=\"tabpanel\" aria-hidden=\"true\" aria-labelledby=\"tab-e591-e13\" data-x-toggleable=\"e591-e13\" data-x-toggle-collapse=\"1\" class=\"x-collapsed\"><div class=\"x-acc-content\"><div class=\"x-text x-content e591-e14 mgf-h mgf-i\"><p><strong>La col\u00e8re<\/strong> est une \u00e9motion au m\u00eame titre que la joie, la tristesse ou la peur. Il est normal de la ressentir quand, par exemple, vous vivez de l\u2019injustice, qu\u2019une de vos attentes n\u2019est pas r\u00e9pondue ou encore quand vous vivez une situation insatisfaisante. Il est important d\u2019\u00eatre \u00e0 l\u2019\u00e9coute de votre col\u00e8re, car elle peut vous signaler que quelque chose ne va pas. La col\u00e8re n\u2019est pas probl\u00e9matique en soi : tout d\u00e9pend de la fa\u00e7on dont vous l\u2019exprimez et de l\u2019effet qu\u2019elle a sur votre famille et sur vous-m\u00eame. Par exemple, l\u2019expression de la col\u00e8re en agressant l\u2019autre est inacceptable.    <\/p>\n\n<ul>\n \t<li>Comment j\u2019exprime ma col\u00e8re?<\/li>\n \t<li>Quel est l\u2019effet de ma col\u00e8re sur ma famille et sur moi-m\u00eame?<\/li>\n \t<li>\u00c0 quel moment ma col\u00e8re peut-elle devenir de la violence?<\/li>\n<\/ul><\/div><\/div><\/div><\/div><div class=\"e591-e15 x-acc-item\"><button id=\"tab-e591-e15\" class=\"x-acc-header\" role=\"button\" type=\"button\" aria-expanded=\"false\" aria-controls=\"panel-e591-e15\" data-x-toggle=\"collapse\" data-x-toggleable=\"e591-e15\"><span class=\"x-acc-header-content\"><span class=\"x-acc-header-indicator\">&#x25b8;<\/span><span class=\"x-acc-header-text\">Quels sont les effets de la violence sur ma\/mon conjoint(e)?<\/span><\/span><\/button><div id=\"panel-e591-e15\" role=\"tabpanel\" aria-hidden=\"true\" aria-labelledby=\"tab-e591-e15\" data-x-toggleable=\"e591-e15\" data-x-toggle-collapse=\"1\" class=\"x-collapsed\"><div class=\"x-acc-content\"><div class=\"x-text x-content e591-e16 mgf-h mgf-i\"><p>La <strong>violence conjugale et familiale<\/strong> occasionnent de nombreuses cons\u00e9quences, dont les suivantes :<\/p>\n\n<ul>\n \t<li>Impacts physiques et sexuels : blessures; traumatismes physiques; troubles de digestion, de concentration, de sommeil; fausses couches; troubles gyn\u00e9cologiques; etc.<\/li>\n \t<li>La violence physique peut mener \u00e0 la mort de la personne victime.<br>Impacts psychologiques : d\u00e9pression, id\u00e9es suicidaires, \u00e9tat de stress post-traumatique, abus de substances, faible estime de soi, sentiment de honte et de culpabilit\u00e9, etc.<\/li>\n<\/ul><\/div><\/div><\/div><\/div><div class=\"e591-e17 x-acc-item\"><button id=\"tab-e591-e17\" class=\"x-acc-header\" role=\"button\" type=\"button\" aria-expanded=\"false\" aria-controls=\"panel-e591-e17\" data-x-toggle=\"collapse\" data-x-toggleable=\"e591-e17\"><span class=\"x-acc-header-content\"><span class=\"x-acc-header-indicator\">&#x25b8;<\/span><span class=\"x-acc-header-text\">Quels sont les effets de la violence sur nos enfants?<\/span><\/span><\/button><div id=\"panel-e591-e17\" role=\"tabpanel\" aria-hidden=\"true\" aria-labelledby=\"tab-e591-e17\" data-x-toggleable=\"e591-e17\" data-x-toggle-collapse=\"1\" class=\"x-collapsed\"><div class=\"x-acc-content\"><div class=\"x-text x-content e591-e18 mgf-h mgf-i\">L\u2019enfant expos\u00e9 \u00e0 la violence conjugale peut \u00abassister \u00e0 des sc\u00e8nes de violence conjugale; entendre des \u00e9clats de voix et des cris; voir des marques de coups port\u00e9s; percevoir la d\u00e9tresse du parent agress\u00e9 et vivre dans un climat cyclique de tension, de friction et de peur\u00bb (Cr\u00e9er pour grandir en confiance, 2008, p. 52).<\/div><div class=\"x-row e591-e19 mgf-3 mgf-5 mgf-6 mgf-9\"><div class=\"x-row-inner\"><div class=\"x-col e591-e20 mgf-a mgf-b\"><span class=\"x-image e591-e21 mgf-g\"><img decoding=\"async\" src=\"https:\/\/2026.optionalternative.org\/wp-content\/uploads\/2025\/05\/enfant1.jpg\" width=\"375\" height=\"502\" alt=\"Image\" loading=\"lazy\"><\/span><div class=\"x-text x-content e591-e22 mgf-h mgf-j\">\u00ab Mon parent, c\u2019est mon h\u00e9ros, mais je lui en veux tellement quand il frappe et crie. Pourquoi mon parent se laisse-t-il faire et n\u2019agit-il pas pour que \u00e7a arr\u00eate? \u00bb<\/div><\/div><div class=\"x-col e591-e23 mgf-a mgf-b\"><span class=\"x-image e591-e24 mgf-g\"><img decoding=\"async\" src=\"https:\/\/2026.optionalternative.org\/wp-content\/uploads\/2025\/05\/enfant4_retouche.jpg\" width=\"375\" height=\"502\" alt=\"Image\" loading=\"lazy\"><\/span><div class=\"x-text x-content e591-e25 mgf-h mgf-j\">\u00ab Je me bouche les oreilles, je tremble, j\u2019ai peur. Comment \u00e7a va finir? Va-t-on s\u2019en prendre \u00e0 moi? \u00bb<\/div><\/div><div class=\"x-col e591-e26 mgf-a mgf-b\"><span class=\"x-image e591-e27 mgf-g\"><img decoding=\"async\" src=\"https:\/\/2026.optionalternative.org\/wp-content\/uploads\/2025\/05\/enfant3.jpg\" width=\"375\" height=\"502\" alt=\"Image\" loading=\"lazy\"><\/span><div class=\"x-text x-content e591-e28 mgf-h mgf-j\">\u00ab Hier, j\u2019ai pouss\u00e9 Lee dans la cour d\u2019\u00e9cole. \u00c7a bouillait en dedans et je ne savais pas quoi faire d\u2019autre. \u00bb<\/div><\/div><div class=\"x-col e591-e29 mgf-a mgf-b\"><span class=\"x-image e591-e30 mgf-g\"><img decoding=\"async\" src=\"https:\/\/2026.optionalternative.org\/wp-content\/uploads\/2025\/05\/enfant2.jpg\" width=\"375\" height=\"502\" alt=\"Image\" loading=\"lazy\"><\/span><div class=\"x-text x-content e591-e31 mgf-h mgf-j\">\u00ab Je veux que les coups et les cris s\u2019arr\u00eatent \u00e0 la maison. Je voudrais en parler, mais je ne veux pas nuire \u00e0 mes parents. \u00bb<\/div><\/div><\/div><\/div><div class=\"x-text x-content e591-e32 mgf-h mgf-i\">L\u2019enfant expos\u00e9 \u00e0 la violence conjugale subit aussi les impacts suivants : anxi\u00e9t\u00e9, tristesse, faible estime de soi, faibles habilet\u00e9s sociales et de communication, difficult\u00e9s scolaires, probl\u00e8mes de comportement, hyperactivit\u00e9, difficult\u00e9 de concentration, etc.<\/div><\/div><\/div><\/div><\/div><\/div><\/div><\/div><\/div><\/div>","protected":false},"excerpt":{"rendered":"<p>Les violences conjugales et familiales Questions and answer &#x25b8;Quelle est la diff\u00e9rence entre une dynamique de violence conjugale et un conflit dans le couple?Un conflit est le r\u00e9sultat d\u2019un d\u00e9saccord entre deux personnes. Dans ce genre de situation, il est normal de ressentir de la col\u00e8re et de la frustration. Il peut arriver que, dans l\u2019argumentation, le ton monte, que &#8230; <\/p>\n<div><a href=\"https:\/\/2026.optionalternative.org\/en\/questions-and-answer\/\" class=\"more-link\">Read More<\/a><\/div>\n","protected":false},"author":1,"featured_media":0,"parent":0,"menu_order":0,"comment_status":"closed","ping_status":"open","template":"template-blank-4.php","meta":{"footnotes":""},"class_list":["post-591","page","type-page","status-publish","hentry","no-post-thumbnail"],"yoast_head":"<!-- This site is optimized with the Yoast SEO plugin v27.2 - https:\/\/yoast.com\/product\/yoast-seo-wordpress\/ -->\n<title>Questions and answer - Option Alternative<\/title>\n<meta name=\"robots\" content=\"index, follow, max-snippet:-1, max-image-preview:large, max-video-preview:-1\" \/>\n<link rel=\"canonical\" href=\"https:\/\/2026.optionalternative.org\/en\/questions-and-answer\/\" \/>\n<meta property=\"og:locale\" content=\"en_US\" \/>\n<meta property=\"og:type\" content=\"article\" \/>\n<meta property=\"og:title\" content=\"Questions and answer - Option Alternative\" \/>\n<meta property=\"og:description\" content=\"Les violences conjugales et familiales Questions and answer &#x25b8;Quelle est la diff\u00e9rence entre une dynamique de violence conjugale et un conflit dans le couple?Un conflit est le r\u00e9sultat d\u2019un d\u00e9saccord entre deux personnes. Dans ce genre de situation, il est normal de ressentir de la col\u00e8re et de la frustration. Il peut arriver que, dans l\u2019argumentation, le ton monte, que ... Read More\" \/>\n<meta property=\"og:url\" content=\"https:\/\/2026.optionalternative.org\/en\/questions-and-answer\/\" \/>\n<meta property=\"og:site_name\" content=\"Option Alternative\" \/>\n<meta property=\"article:modified_time\" content=\"2026-03-03T15:19:33+00:00\" \/>\n<meta property=\"og:image\" content=\"https:\/\/2026.optionalternative.org\/wp-content\/uploads\/2025\/05\/op123-copy2-300x290-1.jpg\" \/>\n<meta name=\"twitter:card\" content=\"summary_large_image\" \/>\n<meta name=\"twitter:label1\" content=\"Est. reading time\" \/>\n\t<meta name=\"twitter:data1\" content=\"5 minutes\" \/>\n<script type=\"application\/ld+json\" class=\"yoast-schema-graph\">{\"@context\":\"https:\/\/schema.org\",\"@graph\":[{\"@type\":\"WebPage\",\"@id\":\"https:\/\/2026.optionalternative.org\/en\/questions-and-answer\/\",\"url\":\"https:\/\/2026.optionalternative.org\/en\/questions-and-answer\/\",\"name\":\"Questions and answer - Option Alternative\",\"isPartOf\":{\"@id\":\"https:\/\/2026.optionalternative.org\/en\/#website\"},\"primaryImageOfPage\":{\"@id\":\"https:\/\/2026.optionalternative.org\/en\/questions-and-answer\/#primaryimage\"},\"image\":{\"@id\":\"https:\/\/2026.optionalternative.org\/en\/questions-and-answer\/#primaryimage\"},\"thumbnailUrl\":\"https:\/\/2026.optionalternative.org\/wp-content\/uploads\/2025\/05\/op123-copy2-300x290-1.jpg\",\"datePublished\":\"2025-05-12T16:16:53+00:00\",\"dateModified\":\"2026-03-03T15:19:33+00:00\",\"breadcrumb\":{\"@id\":\"https:\/\/2026.optionalternative.org\/en\/questions-and-answer\/#breadcrumb\"},\"inLanguage\":\"en-US\",\"potentialAction\":[{\"@type\":\"ReadAction\",\"target\":[\"https:\/\/2026.optionalternative.org\/en\/questions-and-answer\/\"]}]},{\"@type\":\"ImageObject\",\"inLanguage\":\"en-US\",\"@id\":\"https:\/\/2026.optionalternative.org\/en\/questions-and-answer\/#primaryimage\",\"url\":\"https:\/\/2026.optionalternative.org\/wp-content\/uploads\/2025\/05\/op123-copy2-300x290-1.jpg\",\"contentUrl\":\"https:\/\/2026.optionalternative.org\/wp-content\/uploads\/2025\/05\/op123-copy2-300x290-1.jpg\"},{\"@type\":\"BreadcrumbList\",\"@id\":\"https:\/\/2026.optionalternative.org\/en\/questions-and-answer\/#breadcrumb\",\"itemListElement\":[{\"@type\":\"ListItem\",\"position\":1,\"name\":\"Accueil\",\"item\":\"https:\/\/2026.optionalternative.org\/en\/sample-page-2\/\"},{\"@type\":\"ListItem\",\"position\":2,\"name\":\"Questions and answer\"}]},{\"@type\":\"WebSite\",\"@id\":\"https:\/\/2026.optionalternative.org\/en\/#website\",\"url\":\"https:\/\/2026.optionalternative.org\/en\/\",\"name\":\"Option Alternative\",\"description\":\"Option Alternative\",\"potentialAction\":[{\"@type\":\"SearchAction\",\"target\":{\"@type\":\"EntryPoint\",\"urlTemplate\":\"https:\/\/2026.optionalternative.org\/en\/?s={search_term_string}\"},\"query-input\":{\"@type\":\"PropertyValueSpecification\",\"valueRequired\":true,\"valueName\":\"search_term_string\"}}],\"inLanguage\":\"en-US\"}]}<\/script>\n<!-- \/ Yoast SEO plugin. -->","yoast_head_json":{"title":"Questions and answer - Option Alternative","robots":{"index":"index","follow":"follow","max-snippet":"max-snippet:-1","max-image-preview":"max-image-preview:large","max-video-preview":"max-video-preview:-1"},"canonical":"https:\/\/2026.optionalternative.org\/en\/questions-and-answer\/","og_locale":"en_US","og_type":"article","og_title":"Questions and answer - Option Alternative","og_description":"Les violences conjugales et familiales Questions and answer &#x25b8;Quelle est la diff\u00e9rence entre une dynamique de violence conjugale et un conflit dans le couple?Un conflit est le r\u00e9sultat d\u2019un d\u00e9saccord entre deux personnes. Dans ce genre de situation, il est normal de ressentir de la col\u00e8re et de la frustration. Il peut arriver que, dans l\u2019argumentation, le ton monte, que ... Read More","og_url":"https:\/\/2026.optionalternative.org\/en\/questions-and-answer\/","og_site_name":"Option Alternative","article_modified_time":"2026-03-03T15:19:33+00:00","og_image":[{"url":"https:\/\/2026.optionalternative.org\/wp-content\/uploads\/2025\/05\/op123-copy2-300x290-1.jpg","type":"","width":"","height":""}],"twitter_card":"summary_large_image","twitter_misc":{"Est. reading time":"5 minutes"},"schema":{"@context":"https:\/\/schema.org","@graph":[{"@type":"WebPage","@id":"https:\/\/2026.optionalternative.org\/en\/questions-and-answer\/","url":"https:\/\/2026.optionalternative.org\/en\/questions-and-answer\/","name":"Questions and answer - Option Alternative","isPartOf":{"@id":"https:\/\/2026.optionalternative.org\/en\/#website"},"primaryImageOfPage":{"@id":"https:\/\/2026.optionalternative.org\/en\/questions-and-answer\/#primaryimage"},"image":{"@id":"https:\/\/2026.optionalternative.org\/en\/questions-and-answer\/#primaryimage"},"thumbnailUrl":"https:\/\/2026.optionalternative.org\/wp-content\/uploads\/2025\/05\/op123-copy2-300x290-1.jpg","datePublished":"2025-05-12T16:16:53+00:00","dateModified":"2026-03-03T15:19:33+00:00","breadcrumb":{"@id":"https:\/\/2026.optionalternative.org\/en\/questions-and-answer\/#breadcrumb"},"inLanguage":"en-US","potentialAction":[{"@type":"ReadAction","target":["https:\/\/2026.optionalternative.org\/en\/questions-and-answer\/"]}]},{"@type":"ImageObject","inLanguage":"en-US","@id":"https:\/\/2026.optionalternative.org\/en\/questions-and-answer\/#primaryimage","url":"https:\/\/2026.optionalternative.org\/wp-content\/uploads\/2025\/05\/op123-copy2-300x290-1.jpg","contentUrl":"https:\/\/2026.optionalternative.org\/wp-content\/uploads\/2025\/05\/op123-copy2-300x290-1.jpg"},{"@type":"BreadcrumbList","@id":"https:\/\/2026.optionalternative.org\/en\/questions-and-answer\/#breadcrumb","itemListElement":[{"@type":"ListItem","position":1,"name":"Accueil","item":"https:\/\/2026.optionalternative.org\/en\/sample-page-2\/"},{"@type":"ListItem","position":2,"name":"Questions and answer"}]},{"@type":"WebSite","@id":"https:\/\/2026.optionalternative.org\/en\/#website","url":"https:\/\/2026.optionalternative.org\/en\/","name":"Option Alternative","description":"Option Alternative","potentialAction":[{"@type":"SearchAction","target":{"@type":"EntryPoint","urlTemplate":"https:\/\/2026.optionalternative.org\/en\/?s={search_term_string}"},"query-input":{"@type":"PropertyValueSpecification","valueRequired":true,"valueName":"search_term_string"}}],"inLanguage":"en-US"}]}},"_links":{"self":[{"href":"https:\/\/2026.optionalternative.org\/en\/wp-json\/wp\/v2\/pages\/591","targetHints":{"allow":["GET"]}}],"collection":[{"href":"https:\/\/2026.optionalternative.org\/en\/wp-json\/wp\/v2\/pages"}],"about":[{"href":"https:\/\/2026.optionalternative.org\/en\/wp-json\/wp\/v2\/types\/page"}],"author":[{"embeddable":true,"href":"https:\/\/2026.optionalternative.org\/en\/wp-json\/wp\/v2\/users\/1"}],"replies":[{"embeddable":true,"href":"https:\/\/2026.optionalternative.org\/en\/wp-json\/wp\/v2\/comments?post=591"}],"version-history":[{"count":1,"href":"https:\/\/2026.optionalternative.org\/en\/wp-json\/wp\/v2\/pages\/591\/revisions"}],"predecessor-version":[{"id":592,"href":"https:\/\/2026.optionalternative.org\/en\/wp-json\/wp\/v2\/pages\/591\/revisions\/592"}],"wp:attachment":[{"href":"https:\/\/2026.optionalternative.org\/en\/wp-json\/wp\/v2\/media?parent=591"}],"curies":[{"name":"wp","href":"https:\/\/api.w.org\/{rel}","templated":true}]}}