{"id":593,"date":"2025-05-12T18:41:18","date_gmt":"2025-05-12T18:41:18","guid":{"rendered":"https:\/\/2026.optionalternative.org\/publications-eng\/"},"modified":"2026-03-03T15:18:15","modified_gmt":"2026-03-03T15:18:15","slug":"publications-eng","status":"publish","type":"page","link":"https:\/\/2026.optionalternative.org\/en\/publications-eng\/","title":{"rendered":"Publications eng"},"content":{"rendered":"<div id=\"cs-content\" class=\"cs-content\"><div class=\"x-section e593-e1 mgh-0\"><div class=\"x-row x-container max width e593-e2 mgh-2 mgh-3 mgh-5 mgh-6 mgh-1 x-effect-exit\" data-x-effect=\"{&quot;scroll&quot;:true,&quot;offsetTop&quot;:&quot;10%&quot;,&quot;offsetBottom&quot;:&quot;10%&quot;,&quot;behaviorScroll&quot;:&quot;fire-once&quot;,&quot;animationEnter&quot;:&quot;fadeInDown&quot;,&quot;animationExit&quot;:&quot;rollOut&quot;}\"><div class=\"x-row-inner\"><div class=\"x-col e593-e3 mgh-d mgh-e\"><div class=\"x-text x-text-headline e593-e4 mgh-f mgh-g\"><div class=\"x-text-content\"><div class=\"x-text-content-text\"><h1 class=\"x-text-content-text-primary\">PUBLICATIONS eng<\/h1>\n<\/div><\/div><\/div><div class=\"x-text x-content e593-e5 mgh-i mgh-j\">D\u00e9couvrez nos publication de r\u00e9f\u00e9rences, livre et balados pour vos recherche.<\/div><\/div><\/div><\/div><div class=\"x-row x-container max width e593-e6 mgh-3 mgh-4 mgh-5 mgh-7 mgh-1 x-effect-exit\" data-x-effect=\"{&quot;scroll&quot;:true,&quot;offsetTop&quot;:&quot;10%&quot;,&quot;offsetBottom&quot;:&quot;10%&quot;,&quot;behaviorScroll&quot;:&quot;fire-once&quot;,&quot;animationEnter&quot;:&quot;fadeInDown&quot;,&quot;animationExit&quot;:&quot;rollOut&quot;}\"><div class=\"x-row-inner\"><div class=\"x-col e593-e7 mgh-e\"><div class=\"x-text x-text-headline e593-e8 mgh-g mgh-h\"><div class=\"x-text-content\"><div class=\"x-text-content-text\"><h1 class=\"x-text-content-text-primary\">Balados<\/h1>\n<\/div><\/div><\/div><\/div><\/div><\/div><div class=\"x-row x-container max width e593-e9 mgh-3 mgh-4 mgh-5 mgh-8 mgh-1 x-effect-exit\" data-x-effect=\"{&quot;scroll&quot;:true,&quot;offsetTop&quot;:&quot;10%&quot;,&quot;offsetBottom&quot;:&quot;10%&quot;,&quot;behaviorScroll&quot;:&quot;fire-once&quot;,&quot;animationEnter&quot;:&quot;fadeInDown&quot;,&quot;animationExit&quot;:&quot;rollOut&quot;}\"><div class=\"x-row-inner\"><div class=\"x-col e593-e10 mgh-e\"><div class=\"x-text x-text-headline e593-e11 mgh-g mgh-h\"><div class=\"x-text-content\"><div class=\"x-text-content-text\"><h1 class=\"x-text-content-text-primary\">Vid\u00e9os<\/h1>\n<\/div><\/div><\/div><\/div><\/div><\/div><div class=\"x-row x-container max width e593-e12 mgh-3 mgh-4 mgh-5 mgh-9 mgh-1 x-effect-exit\" data-x-effect=\"{&quot;scroll&quot;:true,&quot;offsetTop&quot;:&quot;10%&quot;,&quot;offsetBottom&quot;:&quot;10%&quot;,&quot;behaviorScroll&quot;:&quot;fire-once&quot;,&quot;animationEnter&quot;:&quot;fadeInDown&quot;,&quot;animationExit&quot;:&quot;rollOut&quot;}\"><div class=\"x-row-inner\"><div class=\"x-col e593-e13 mgh-e\"><div class=\"x-text x-text-headline e593-e14 mgh-g mgh-h\"><div class=\"x-text-content\"><div class=\"x-text-content-text\"><h1 class=\"x-text-content-text-primary\">Livres et chapitres de livre<\/h1>\n<\/div><\/div><\/div><div class=\"x-text x-content e593-e15 mgh-i mgh-k\"><ul>\n \t<li><em>Les entretiens d\u2019accueil avec les auteurs de violence et leurs \u00e9cueils.<\/em>  (2010). Lepage, F., Gu\u00e8vremont, C., Brou\u00e9, J., avec la collaboration de Bolduc, C. Dans S. Gauthier et L. Montminy (dir.), Exp\u00e9riences d\u2019intervention psychosociale en contexte de violence conjugale (p. 217-237). Montr\u00e9al : Presses de l\u2019Universit\u00e9 du Qu\u00e9bec. <\/li>\n \t<li><em>Blessures d\u2019amour.<\/em>  (2002). Brou\u00e9, J., et Gu\u00e8vremont, C. (dir.). Publi\u00e9 \u00e0 compte d\u2019auteurs. <\/li>\n \t<li><em>Intervenir aupr\u00e8s des conjoints violents. (1999)<\/em>. Brou\u00e9, J., et Gu\u00e8vremont, C. (dir.), Montr\u00e9al : \u00c9ditions Saint-Martin. <\/li>\n \t<li><em>La difficile r\u00e9paration d\u2019un p\u00e8re violent en contexte pr\u00e9 et postnatal. (1997)<\/em>. Brou\u00e9, J., et Gu\u00e8vremont, C. Dans J. Brou\u00e9 et G. Rondeau (dir.), P\u00e8re \u00e0 part enti\u00e8re. Montr\u00e9al : \u00c9ditions Saint-Martin.  <\/li>\n \t<li><em>Programme Contrecoups. Manuel de traitement. (1995)<\/em>. Gu\u00e8vremont, C., Ouellet, G., et Brou\u00e9, J. Service correctionnel du Canada.<br>Quand l\u2019amour fait mal.  (1989). Brou\u00e9, J., et Gu\u00e8vremont, C. (dir.), Montr\u00e9al : \u00c9ditions Saint-Martin.<\/li>\n<\/ul><\/div><\/div><\/div><\/div><div class=\"x-row x-container max width e593-e16 mgh-3 mgh-4 mgh-5 mgh-a mgh-1 x-effect-exit\" data-x-effect=\"{&quot;scroll&quot;:true,&quot;offsetTop&quot;:&quot;10%&quot;,&quot;offsetBottom&quot;:&quot;10%&quot;,&quot;behaviorScroll&quot;:&quot;fire-once&quot;,&quot;animationEnter&quot;:&quot;fadeInDown&quot;,&quot;animationExit&quot;:&quot;rollOut&quot;}\"><div class=\"x-row-inner\"><div class=\"x-col e593-e17 mgh-e\"><div class=\"x-text x-text-headline e593-e18 mgh-g mgh-h\"><div class=\"x-text-content\"><div class=\"x-text-content-text\"><h1 class=\"x-text-content-text-primary\">Articles<\/h1>\n<\/div><\/div><\/div><div class=\"x-text x-content e593-e19 mgh-i mgh-k\"><ul>\n \t<li><em>Bourreaux en th\u00e9rapie<\/em>. (13 juin 2015). Sioui, M-M. La presse +.   <br>Liens vers chacun des textes de l\u2019article:\n<ul>\n \t<li><a href=\"http:\/\/plus.lapresse.ca\/screens\/51669f51-0bdd-4a76-8f6a-e18b15bb7eb5%7clqHLih77uDJf.html\" target=\"_blank\" rel=\"noopener\">http:\/\/plus.lapresse.ca\/screens\/51669f51-0bdd-4a76-8f6a-e18b15bb7eb5%7clqHLih77uDJf.html<\/a><\/li>\n \t<li><a href=\"http:\/\/plus.lapresse.ca\/screens\/51669f51-0bdd-4a76-8f6a-e18b15bb7eb5%7clqHLs3WDp79a.html\" target=\"_blank\" rel=\"noopener\">http:\/\/plus.lapresse.ca\/screens\/51669f51-0bdd-4a76-8f6a-e18b15bb7eb5%7clqHLs3WDp79a.html<\/a><\/li>\n \t<li><a href=\"http:\/\/plus.lapresse.ca\/screens\/51669f51-0bdd-4a76-8f6a-e18b15bb7eb5%7clqHLFam~kTy6.html\" target=\"_blank\" rel=\"noopener\">http:\/\/plus.lapresse.ca\/screens\/51669f51-0bdd-4a76-8f6a-e18b15bb7eb5%7clqHLFam~kTy6.html<\/a><\/li>\n \t<li><a href=\"http:\/\/plus.lapresse.ca\/screens\/51669f51-0bdd-4a76-8f6a-e18b15bb7eb5%7clqHLpdfBTkdI.html\" target=\"_blank\" rel=\"noopener\">http:\/\/plus.lapresse.ca\/screens\/51669f51-0bdd-4a76-8f6a-e18b15bb7eb5%7clqHLpdfBTkdI.html<\/a><\/li>\n<\/ul>\n<\/li>\n \t<li><em>L\u2019intervention de groupe aupr\u00e8s de femmes ayant des comportements violents.<\/em>  (1999). Brou\u00e9, J., et Delisle, L. Bulletin de l\u2019Association des psychoth\u00e9rapeutes conjugaux et familiaux du Qu\u00e9bec, 26(2).<\/li>\n \t<li><em>La probl\u00e9matique de la violence conjugale et familiale<\/em>. (1999). Brou\u00e9,J., et Gu\u00e8vremont,C. Bulletin de l\u2019Association des psychoth\u00e9rapeutes conjugaux et familiaux du Qu\u00e9bec, 26(1).<\/li>\n \t<li><em>La r\u00e9sistance des intervenants dans l\u2019accueil et la r\u00e9f\u00e9rence des conjoints violents.<\/em> Brou\u00e9, J., et Gu\u00e8vremont, C. (automne 1994). Travail social\/Social Worker, 62. <\/li>\n \t<li>Brou\u00e9, J., et Gu\u00e8vremont, C. (juin 1994). L\u2019aide contrainte. <em>Probation Qu\u00e9bec, 2<\/em>(1). <\/li>\n \t<li><em>Intervention aupr\u00e8s des hommes violents.<\/em> (octobre 1986). Gu\u00e8vremont, C., Lajeunesse, M., et Rondeau, G. Revue Intervention, 75. <\/li>\n<\/ul><\/div><\/div><\/div><\/div><div class=\"x-row x-container max width e593-e20 mgh-3 mgh-4 mgh-5 mgh-b mgh-1 x-effect-exit\" data-x-effect=\"{&quot;scroll&quot;:true,&quot;offsetTop&quot;:&quot;10%&quot;,&quot;offsetBottom&quot;:&quot;10%&quot;,&quot;behaviorScroll&quot;:&quot;fire-once&quot;,&quot;animationEnter&quot;:&quot;fadeInDown&quot;,&quot;animationExit&quot;:&quot;rollOut&quot;}\"><div class=\"x-row-inner\"><div class=\"x-col e593-e21 mgh-e\"><div class=\"x-text x-text-headline e593-e22 mgh-g mgh-h\"><div class=\"x-text-content\"><div class=\"x-text-content-text\"><h1 class=\"x-text-content-text-primary\">Rapports<\/h1>\n<\/div><\/div><\/div><div class=\"x-text x-content e593-e23 mgh-i mgh-k\"><ul>\n \t<li><em>\u00c9tude de faisabilit\u00e9 et cahier des charges pour la cr\u00e9ation d\u2019un Centre pour Auteurs de Violence Conjugale (CAVC). (2010).  <\/em>Lepage, F., Gu\u00e8vremont, C., Berdaoui, A. et Rondeau, G. Minist\u00e8re du D\u00e9veloppement Social, de la Famille et de la Solidarit\u00e9 du Maroc et Fonds d\u2019Appui \u00e0 l\u2019\u00c9galit\u00e9 entre les Sexes, Agence Canadienne de D\u00e9veloppement International.<\/li>\n \t<li><em>\u00c9tude documentaire. Regard sur les programmes de traitement \u00e0 l\u2019intention des hommes ayant des comportements violents \u00e0 l\u2019endroit de leur conjointe. (2010). <\/em>Rondeau, G., Lepage, F. et Berdaoui, A. Minist\u00e8re du D\u00e9veloppement Social, de la Famille et de la Solidarit\u00e9 du Maroc et Fonds d\u2019Appui \u00e0 l\u2019\u00c9galit\u00e9 entre les Sexes, Agence Canadienne de D\u00e9veloppement International.<\/li>\n<\/ul><\/div><\/div><\/div><\/div><div class=\"x-row x-container max width e593-e24 mgh-3 mgh-4 mgh-5 mgh-c mgh-1 x-effect-exit\" data-x-effect=\"{&quot;scroll&quot;:true,&quot;offsetTop&quot;:&quot;10%&quot;,&quot;offsetBottom&quot;:&quot;10%&quot;,&quot;behaviorScroll&quot;:&quot;fire-once&quot;,&quot;animationEnter&quot;:&quot;fadeInDown&quot;,&quot;animationExit&quot;:&quot;rollOut&quot;}\"><div class=\"x-row-inner\"><div class=\"x-col e593-e25 mgh-e\"><div class=\"x-text x-text-headline e593-e26 mgh-g mgh-h\"><div class=\"x-text-content\"><div class=\"x-text-content-text\"><h1 class=\"x-text-content-text-primary\">Communications<\/h1>\n<\/div><\/div><\/div><div class=\"x-text x-content e593-e27 mgh-i mgh-k\"><ul>\n \t<li><em>La dynamique de la violence au sein du couple : Qui est responsable de quoi <\/em>(2008). Lepage, F., Pronovost, A., Saint-Pierre, L. S\u00e9minaire clinique dans le cadre la formation D\u00e9pister, \u00e9valuer, r\u00e9f\u00e9rer et intervenir aupr\u00e8s des conjoints qui exercent de la violence, CSSS Jeanne-Mance, Montr\u00e9al. <\/li>\n \t<li><em>Au niveau de la violence conjugale et familiale : Comment utiliser le cadre lors d\u2019intervention \u00e0 domicile? <\/em>(2008). Lepage, F., Pronovost, A., Saint-Pierre, L. S\u00e9minaire clinique dans le cadre la formation D\u00e9pister, \u00e9valuer, r\u00e9f\u00e9rer et intervenir aupr\u00e8s des conjoints qui exercent de la violence, CSSS Jeanne-Mance, Montr\u00e9al.<\/li>\n \t<li><em>Les pi\u00e8ges de l\u2019intervention en violence conjugale. Perspective \u00e9co syst\u00e9mique. <\/em>(2007). Lepage, F., et Gu\u00e8vremont, C. Conf\u00e9rence pr\u00e9sent\u00e9e au congr\u00e8s Regards crois\u00e9s sur les violences relationnelles, St-Malo, France. <\/li>\n \t<li><em>D\u00e9pister, \u00e9valuer, r\u00e9f\u00e9rer et intervenir aupr\u00e8s des conjoints violents qui exercent de la violence. <\/em>(2004). Lepage, F., Dub\u00e9, J.-P., Turgeon, J. Conf\u00e9rence pr\u00e9sent\u00e9e au CSSS Jeanne-Mance, Montr\u00e9al.<\/li>\n<\/ul><\/div><\/div><\/div><\/div><\/div><\/div>","protected":false},"excerpt":{"rendered":"<p>PUBLICATIONS eng D\u00e9couvrez nos publication de r\u00e9f\u00e9rences, livre et balados pour vos recherche.Balados Vid\u00e9os Livres et chapitres de livre Les entretiens d\u2019accueil avec les auteurs de violence et leurs \u00e9cueils. (2010). Lepage, F., Gu\u00e8vremont, C., Brou\u00e9, J., avec la collaboration de Bolduc, C. Dans S. Gauthier et L. Montminy (dir.), Exp\u00e9riences d\u2019intervention psychosociale en contexte de violence conjugale (p. 217-237). &#8230; <\/p>\n<div><a href=\"https:\/\/2026.optionalternative.org\/en\/publications-eng\/\" class=\"more-link\">Read More<\/a><\/div>\n","protected":false},"author":1,"featured_media":0,"parent":0,"menu_order":0,"comment_status":"closed","ping_status":"closed","template":"template-blank-4.php","meta":{"footnotes":""},"class_list":["post-593","page","type-page","status-publish","hentry","no-post-thumbnail"],"yoast_head":"<!-- This site is optimized with the Yoast SEO plugin v27.2 - https:\/\/yoast.com\/product\/yoast-seo-wordpress\/ -->\n<title>Publications eng - Option Alternative<\/title>\n<meta name=\"robots\" content=\"index, follow, max-snippet:-1, max-image-preview:large, max-video-preview:-1\" \/>\n<link rel=\"canonical\" href=\"https:\/\/2026.optionalternative.org\/en\/publications-eng\/\" \/>\n<meta property=\"og:locale\" content=\"en_US\" \/>\n<meta property=\"og:type\" content=\"article\" \/>\n<meta property=\"og:title\" content=\"Publications eng - Option Alternative\" \/>\n<meta property=\"og:description\" content=\"PUBLICATIONS eng D\u00e9couvrez nos publication de r\u00e9f\u00e9rences, livre et balados pour vos recherche.Balados Vid\u00e9os Livres et chapitres de livre Les entretiens d\u2019accueil avec les auteurs de violence et leurs \u00e9cueils. (2010). Lepage, F., Gu\u00e8vremont, C., Brou\u00e9, J., avec la collaboration de Bolduc, C. Dans S. Gauthier et L. Montminy (dir.), Exp\u00e9riences d\u2019intervention psychosociale en contexte de violence conjugale (p. 217-237). ... Read More\" \/>\n<meta property=\"og:url\" content=\"https:\/\/2026.optionalternative.org\/en\/publications-eng\/\" \/>\n<meta property=\"og:site_name\" content=\"Option Alternative\" \/>\n<meta property=\"article:modified_time\" content=\"2026-03-03T15:18:15+00:00\" \/>\n<meta name=\"twitter:card\" content=\"summary_large_image\" \/>\n<meta name=\"twitter:label1\" content=\"Est. reading time\" \/>\n\t<meta name=\"twitter:data1\" content=\"3 minutes\" \/>\n<script type=\"application\/ld+json\" class=\"yoast-schema-graph\">{\"@context\":\"https:\/\/schema.org\",\"@graph\":[{\"@type\":\"WebPage\",\"@id\":\"https:\/\/2026.optionalternative.org\/en\/publications-eng\/\",\"url\":\"https:\/\/2026.optionalternative.org\/en\/publications-eng\/\",\"name\":\"Publications eng - Option Alternative\",\"isPartOf\":{\"@id\":\"https:\/\/2026.optionalternative.org\/en\/#website\"},\"datePublished\":\"2025-05-12T18:41:18+00:00\",\"dateModified\":\"2026-03-03T15:18:15+00:00\",\"breadcrumb\":{\"@id\":\"https:\/\/2026.optionalternative.org\/en\/publications-eng\/#breadcrumb\"},\"inLanguage\":\"en-US\",\"potentialAction\":[{\"@type\":\"ReadAction\",\"target\":[\"https:\/\/2026.optionalternative.org\/en\/publications-eng\/\"]}]},{\"@type\":\"BreadcrumbList\",\"@id\":\"https:\/\/2026.optionalternative.org\/en\/publications-eng\/#breadcrumb\",\"itemListElement\":[{\"@type\":\"ListItem\",\"position\":1,\"name\":\"Accueil\",\"item\":\"https:\/\/2026.optionalternative.org\/en\/sample-page-2\/\"},{\"@type\":\"ListItem\",\"position\":2,\"name\":\"Publications eng\"}]},{\"@type\":\"WebSite\",\"@id\":\"https:\/\/2026.optionalternative.org\/en\/#website\",\"url\":\"https:\/\/2026.optionalternative.org\/en\/\",\"name\":\"Option Alternative\",\"description\":\"Option Alternative\",\"potentialAction\":[{\"@type\":\"SearchAction\",\"target\":{\"@type\":\"EntryPoint\",\"urlTemplate\":\"https:\/\/2026.optionalternative.org\/en\/?s={search_term_string}\"},\"query-input\":{\"@type\":\"PropertyValueSpecification\",\"valueRequired\":true,\"valueName\":\"search_term_string\"}}],\"inLanguage\":\"en-US\"}]}<\/script>\n<!-- \/ Yoast SEO plugin. -->","yoast_head_json":{"title":"Publications eng - Option Alternative","robots":{"index":"index","follow":"follow","max-snippet":"max-snippet:-1","max-image-preview":"max-image-preview:large","max-video-preview":"max-video-preview:-1"},"canonical":"https:\/\/2026.optionalternative.org\/en\/publications-eng\/","og_locale":"en_US","og_type":"article","og_title":"Publications eng - Option Alternative","og_description":"PUBLICATIONS eng D\u00e9couvrez nos publication de r\u00e9f\u00e9rences, livre et balados pour vos recherche.Balados Vid\u00e9os Livres et chapitres de livre Les entretiens d\u2019accueil avec les auteurs de violence et leurs \u00e9cueils. (2010). Lepage, F., Gu\u00e8vremont, C., Brou\u00e9, J., avec la collaboration de Bolduc, C. Dans S. Gauthier et L. Montminy (dir.), Exp\u00e9riences d\u2019intervention psychosociale en contexte de violence conjugale (p. 217-237). ... Read More","og_url":"https:\/\/2026.optionalternative.org\/en\/publications-eng\/","og_site_name":"Option Alternative","article_modified_time":"2026-03-03T15:18:15+00:00","twitter_card":"summary_large_image","twitter_misc":{"Est. reading time":"3 minutes"},"schema":{"@context":"https:\/\/schema.org","@graph":[{"@type":"WebPage","@id":"https:\/\/2026.optionalternative.org\/en\/publications-eng\/","url":"https:\/\/2026.optionalternative.org\/en\/publications-eng\/","name":"Publications eng - Option Alternative","isPartOf":{"@id":"https:\/\/2026.optionalternative.org\/en\/#website"},"datePublished":"2025-05-12T18:41:18+00:00","dateModified":"2026-03-03T15:18:15+00:00","breadcrumb":{"@id":"https:\/\/2026.optionalternative.org\/en\/publications-eng\/#breadcrumb"},"inLanguage":"en-US","potentialAction":[{"@type":"ReadAction","target":["https:\/\/2026.optionalternative.org\/en\/publications-eng\/"]}]},{"@type":"BreadcrumbList","@id":"https:\/\/2026.optionalternative.org\/en\/publications-eng\/#breadcrumb","itemListElement":[{"@type":"ListItem","position":1,"name":"Accueil","item":"https:\/\/2026.optionalternative.org\/en\/sample-page-2\/"},{"@type":"ListItem","position":2,"name":"Publications eng"}]},{"@type":"WebSite","@id":"https:\/\/2026.optionalternative.org\/en\/#website","url":"https:\/\/2026.optionalternative.org\/en\/","name":"Option Alternative","description":"Option Alternative","potentialAction":[{"@type":"SearchAction","target":{"@type":"EntryPoint","urlTemplate":"https:\/\/2026.optionalternative.org\/en\/?s={search_term_string}"},"query-input":{"@type":"PropertyValueSpecification","valueRequired":true,"valueName":"search_term_string"}}],"inLanguage":"en-US"}]}},"_links":{"self":[{"href":"https:\/\/2026.optionalternative.org\/en\/wp-json\/wp\/v2\/pages\/593","targetHints":{"allow":["GET"]}}],"collection":[{"href":"https:\/\/2026.optionalternative.org\/en\/wp-json\/wp\/v2\/pages"}],"about":[{"href":"https:\/\/2026.optionalternative.org\/en\/wp-json\/wp\/v2\/types\/page"}],"author":[{"embeddable":true,"href":"https:\/\/2026.optionalternative.org\/en\/wp-json\/wp\/v2\/users\/1"}],"replies":[{"embeddable":true,"href":"https:\/\/2026.optionalternative.org\/en\/wp-json\/wp\/v2\/comments?post=593"}],"version-history":[{"count":1,"href":"https:\/\/2026.optionalternative.org\/en\/wp-json\/wp\/v2\/pages\/593\/revisions"}],"predecessor-version":[{"id":594,"href":"https:\/\/2026.optionalternative.org\/en\/wp-json\/wp\/v2\/pages\/593\/revisions\/594"}],"wp:attachment":[{"href":"https:\/\/2026.optionalternative.org\/en\/wp-json\/wp\/v2\/media?parent=593"}],"curies":[{"name":"wp","href":"https:\/\/api.w.org\/{rel}","templated":true}]}}