{"id":595,"date":"2026-03-02T18:46:31","date_gmt":"2026-03-02T18:46:31","guid":{"rendered":"https:\/\/2026.optionalternative.org\/who-are-we\/"},"modified":"2026-03-03T15:18:37","modified_gmt":"2026-03-03T15:18:37","slug":"who-are-we","status":"publish","type":"page","link":"https:\/\/2026.optionalternative.org\/en\/who-are-we\/","title":{"rendered":"Who are we?"},"content":{"rendered":"<div id=\"cs-content\" class=\"cs-content\"><div class=\"x-section e595-e1 mgj-0\"><div class=\"x-row x-container max width e595-e2 mgj-2 mgj-3 mgj-1 x-effect-exit\" data-x-effect=\"{&quot;scroll&quot;:true,&quot;offsetTop&quot;:&quot;10%&quot;,&quot;offsetBottom&quot;:&quot;10%&quot;,&quot;behaviorScroll&quot;:&quot;fire-once&quot;,&quot;animationEnter&quot;:&quot;fadeInDown&quot;,&quot;animationExit&quot;:&quot;rollOut&quot;}\"><div class=\"x-row-inner\"><div class=\"x-col e595-e3 mgj-4\"><div class=\"x-text x-text-headline e595-e4 mgj-5\"><div class=\"x-text-content\"><div class=\"x-text-content-text\"><h1 class=\"x-text-content-text-primary\">Who are we?<\/h1>\n<\/div><\/div><\/div><div class=\"x-text x-content e595-e5 mgj-6\"><p>je mange des patates Nous avons pour mission d\u2019offrir des services de soutien, de suivi et de psychoth\u00e9rapie aux adultes, hommes et femmes, ayant des comportements violents dans un <strong>contexte conjugal et familial.<\/strong> Nous offrons des services en fran\u00e7ais et certains de ces services sont offerts en anglais ou avec un interpr\u00e8te. Les intervenant(e)s d\u2019Option accompagnent ces personnes dans leur r\u00e9flexion sur ce qui les am\u00e8ne \u00e0 user de violence ainsi que dans leur d\u00e9marche pour trouver des alternatives \u00e0 cette violence, et ce, en tenant compte du v\u00e9cu sp\u00e9cifique de chacune d\u2019elles.<\/p>\n<p>Option offre de la formation et de la supervision aux professionnel(le)s qui travaillent d\u00e9j\u00e0 aupr\u00e8s de cette client\u00e8le ou qui d\u00e9sirent d\u00e9velopper une expertise dans l\u2019intervention aupr\u00e8s des personnes ayant des comportements violents dans le couple et la famille.<\/p><\/div><\/div><\/div><\/div><\/div><\/div>","protected":false},"excerpt":{"rendered":"<p>Who are we? je mange des patates Nous avons pour mission d\u2019offrir des services de soutien, de suivi et de psychoth\u00e9rapie aux adultes, hommes et femmes, ayant des comportements violents dans un contexte conjugal et familial. Nous offrons des services en fran\u00e7ais et certains de ces services sont offerts en anglais ou avec un interpr\u00e8te. Les intervenant(e)s d\u2019Option accompagnent ces &#8230; <\/p>\n<div><a href=\"https:\/\/2026.optionalternative.org\/en\/who-are-we\/\" class=\"more-link\">Read More<\/a><\/div>\n","protected":false},"author":1,"featured_media":0,"parent":0,"menu_order":0,"comment_status":"closed","ping_status":"closed","template":"template-blank-4.php","meta":{"footnotes":""},"class_list":["post-595","page","type-page","status-publish","hentry","no-post-thumbnail"],"yoast_head":"<!-- This site is optimized with the Yoast SEO plugin v27.2 - https:\/\/yoast.com\/product\/yoast-seo-wordpress\/ -->\n<title>Who are we? - Option Alternative<\/title>\n<meta name=\"robots\" content=\"index, follow, max-snippet:-1, max-image-preview:large, max-video-preview:-1\" \/>\n<link rel=\"canonical\" href=\"https:\/\/2026.optionalternative.org\/en\/who-are-we\/\" \/>\n<meta property=\"og:locale\" content=\"en_US\" \/>\n<meta property=\"og:type\" content=\"article\" \/>\n<meta property=\"og:title\" content=\"Who are we? - Option Alternative\" \/>\n<meta property=\"og:description\" content=\"Who are we? je mange des patates Nous avons pour mission d\u2019offrir des services de soutien, de suivi et de psychoth\u00e9rapie aux adultes, hommes et femmes, ayant des comportements violents dans un contexte conjugal et familial. Nous offrons des services en fran\u00e7ais et certains de ces services sont offerts en anglais ou avec un interpr\u00e8te. Les intervenant(e)s d\u2019Option accompagnent ces ... Read More\" \/>\n<meta property=\"og:url\" content=\"https:\/\/2026.optionalternative.org\/en\/who-are-we\/\" \/>\n<meta property=\"og:site_name\" content=\"Option Alternative\" \/>\n<meta property=\"article:modified_time\" content=\"2026-03-03T15:18:37+00:00\" \/>\n<meta name=\"twitter:card\" content=\"summary_large_image\" \/>\n<script type=\"application\/ld+json\" class=\"yoast-schema-graph\">{\"@context\":\"https:\/\/schema.org\",\"@graph\":[{\"@type\":\"WebPage\",\"@id\":\"https:\/\/2026.optionalternative.org\/en\/who-are-we\/\",\"url\":\"https:\/\/2026.optionalternative.org\/en\/who-are-we\/\",\"name\":\"Who are we? - Option Alternative\",\"isPartOf\":{\"@id\":\"https:\/\/2026.optionalternative.org\/en\/#website\"},\"datePublished\":\"2026-03-02T18:46:31+00:00\",\"dateModified\":\"2026-03-03T15:18:37+00:00\",\"breadcrumb\":{\"@id\":\"https:\/\/2026.optionalternative.org\/en\/who-are-we\/#breadcrumb\"},\"inLanguage\":\"en-US\",\"potentialAction\":[{\"@type\":\"ReadAction\",\"target\":[\"https:\/\/2026.optionalternative.org\/en\/who-are-we\/\"]}]},{\"@type\":\"BreadcrumbList\",\"@id\":\"https:\/\/2026.optionalternative.org\/en\/who-are-we\/#breadcrumb\",\"itemListElement\":[{\"@type\":\"ListItem\",\"position\":1,\"name\":\"Accueil\",\"item\":\"https:\/\/2026.optionalternative.org\/en\/sample-page-2\/\"},{\"@type\":\"ListItem\",\"position\":2,\"name\":\"Who are we?\"}]},{\"@type\":\"WebSite\",\"@id\":\"https:\/\/2026.optionalternative.org\/en\/#website\",\"url\":\"https:\/\/2026.optionalternative.org\/en\/\",\"name\":\"Option Alternative\",\"description\":\"Option Alternative\",\"potentialAction\":[{\"@type\":\"SearchAction\",\"target\":{\"@type\":\"EntryPoint\",\"urlTemplate\":\"https:\/\/2026.optionalternative.org\/en\/?s={search_term_string}\"},\"query-input\":{\"@type\":\"PropertyValueSpecification\",\"valueRequired\":true,\"valueName\":\"search_term_string\"}}],\"inLanguage\":\"en-US\"}]}<\/script>\n<!-- \/ Yoast SEO plugin. -->","yoast_head_json":{"title":"Who are we? - Option Alternative","robots":{"index":"index","follow":"follow","max-snippet":"max-snippet:-1","max-image-preview":"max-image-preview:large","max-video-preview":"max-video-preview:-1"},"canonical":"https:\/\/2026.optionalternative.org\/en\/who-are-we\/","og_locale":"en_US","og_type":"article","og_title":"Who are we? - Option Alternative","og_description":"Who are we? je mange des patates Nous avons pour mission d\u2019offrir des services de soutien, de suivi et de psychoth\u00e9rapie aux adultes, hommes et femmes, ayant des comportements violents dans un contexte conjugal et familial. Nous offrons des services en fran\u00e7ais et certains de ces services sont offerts en anglais ou avec un interpr\u00e8te. Les intervenant(e)s d\u2019Option accompagnent ces ... Read More","og_url":"https:\/\/2026.optionalternative.org\/en\/who-are-we\/","og_site_name":"Option Alternative","article_modified_time":"2026-03-03T15:18:37+00:00","twitter_card":"summary_large_image","schema":{"@context":"https:\/\/schema.org","@graph":[{"@type":"WebPage","@id":"https:\/\/2026.optionalternative.org\/en\/who-are-we\/","url":"https:\/\/2026.optionalternative.org\/en\/who-are-we\/","name":"Who are we? - Option Alternative","isPartOf":{"@id":"https:\/\/2026.optionalternative.org\/en\/#website"},"datePublished":"2026-03-02T18:46:31+00:00","dateModified":"2026-03-03T15:18:37+00:00","breadcrumb":{"@id":"https:\/\/2026.optionalternative.org\/en\/who-are-we\/#breadcrumb"},"inLanguage":"en-US","potentialAction":[{"@type":"ReadAction","target":["https:\/\/2026.optionalternative.org\/en\/who-are-we\/"]}]},{"@type":"BreadcrumbList","@id":"https:\/\/2026.optionalternative.org\/en\/who-are-we\/#breadcrumb","itemListElement":[{"@type":"ListItem","position":1,"name":"Accueil","item":"https:\/\/2026.optionalternative.org\/en\/sample-page-2\/"},{"@type":"ListItem","position":2,"name":"Who are we?"}]},{"@type":"WebSite","@id":"https:\/\/2026.optionalternative.org\/en\/#website","url":"https:\/\/2026.optionalternative.org\/en\/","name":"Option Alternative","description":"Option Alternative","potentialAction":[{"@type":"SearchAction","target":{"@type":"EntryPoint","urlTemplate":"https:\/\/2026.optionalternative.org\/en\/?s={search_term_string}"},"query-input":{"@type":"PropertyValueSpecification","valueRequired":true,"valueName":"search_term_string"}}],"inLanguage":"en-US"}]}},"_links":{"self":[{"href":"https:\/\/2026.optionalternative.org\/en\/wp-json\/wp\/v2\/pages\/595","targetHints":{"allow":["GET"]}}],"collection":[{"href":"https:\/\/2026.optionalternative.org\/en\/wp-json\/wp\/v2\/pages"}],"about":[{"href":"https:\/\/2026.optionalternative.org\/en\/wp-json\/wp\/v2\/types\/page"}],"author":[{"embeddable":true,"href":"https:\/\/2026.optionalternative.org\/en\/wp-json\/wp\/v2\/users\/1"}],"replies":[{"embeddable":true,"href":"https:\/\/2026.optionalternative.org\/en\/wp-json\/wp\/v2\/comments?post=595"}],"version-history":[{"count":1,"href":"https:\/\/2026.optionalternative.org\/en\/wp-json\/wp\/v2\/pages\/595\/revisions"}],"predecessor-version":[{"id":596,"href":"https:\/\/2026.optionalternative.org\/en\/wp-json\/wp\/v2\/pages\/595\/revisions\/596"}],"wp:attachment":[{"href":"https:\/\/2026.optionalternative.org\/en\/wp-json\/wp\/v2\/media?parent=595"}],"curies":[{"name":"wp","href":"https:\/\/api.w.org\/{rel}","templated":true}]}}