{"id":658,"date":"2025-05-12T18:26:59","date_gmt":"2025-05-12T18:26:59","guid":{"rendered":"https:\/\/2026.optionalternative.org\/training-and-supervision\/"},"modified":"2026-03-03T18:21:04","modified_gmt":"2026-03-03T18:21:04","slug":"training-and-supervision","status":"publish","type":"page","link":"https:\/\/2026.optionalternative.org\/en\/training-and-supervision\/","title":{"rendered":"Training and supervision"},"content":{"rendered":"<div id=\"cs-content\" class=\"cs-content\"><div class=\"x-section e658-e1 mia-0 mia-1\"><div class=\"x-row x-container max width e658-e9 mia-a mia-b mia-c mia-e mia-5 mia-6 x-effect-exit\" data-x-effect=\"{&quot;scroll&quot;:true,&quot;offsetTop&quot;:&quot;10%&quot;,&quot;offsetBottom&quot;:&quot;10%&quot;,&quot;behaviorScroll&quot;:&quot;fire-once&quot;,&quot;animationEnter&quot;:&quot;fadeInDown&quot;,&quot;animationExit&quot;:&quot;rollOut&quot;}\"><div class=\"x-row-inner\"><div class=\"x-col e658-e10 mia-i mia-j\"><div class=\"x-text x-text-headline e658-e11 mia-l mia-o mia-q mia-r\"><div class=\"x-text-content\"><div class=\"x-text-content-text\"><h1 class=\"x-text-content-text-primary\">Training and supervision<\/h1>\n<\/div><\/div><\/div><div class=\"x-text x-content e658-e12 mia-u mia-x\"><p>Je mange des patates Au cours de sa trentaine d\u2019ann\u00e9es d\u2019existence, l\u2019\u00e9quipe d\u2019Option, compos\u00e9e d\u2019intervenant(e)s hautement qualifi\u00e9(e)s, a d\u00e9velopp\u00e9 une expertise dans l\u2019intervention aupr\u00e8s des hommes et des femmes qui exercent de la violence dans leur relation intime et dans leur famille. Dans un souci de faire conna\u00eetre les enjeux de l\u2019intervention aupr\u00e8s de cette client\u00e8le, souvent contrainte, les intervenant(e)s d\u2019Option ont mis au point des formations portant sur divers sujets reli\u00e9s \u00e0 la probl\u00e9matique, et ce, afin d\u2019accompagner les diff\u00e9rents partenaires dans leur travail aupr\u00e8s des personnes impliqu\u00e9es dans des situations de violence.<\/p>\n<p>En fonction de vos besoins, l\u2019\u00e9quipe de formation vous proposera une formation sur mesure.<br>*** Pour plus d\u2019information et pour toutes demandes relatives au service de formation, veuillez contacter le responsable clinique d\u2019Option, Fran\u00e7ois Lepage au 514-527-1657.<\/p><\/div><\/div><\/div><\/div><\/div><div class=\"x-section e658-e13 mia-0 mia-2 mia-3 mia-5 mia-6 x-effect-exit\" data-x-effect=\"{&quot;scroll&quot;:true,&quot;offsetTop&quot;:&quot;10%&quot;,&quot;offsetBottom&quot;:&quot;10%&quot;,&quot;behaviorScroll&quot;:&quot;fire-once&quot;,&quot;animationEnter&quot;:&quot;fadeIn&quot;,&quot;animationExit&quot;:&quot;rollOut&quot;}\"><div class=\"x-row x-container max width e658-e14 mia-9 mia-a mia-c mia-f\"><div class=\"x-row-inner\"><div class=\"x-col e658-e15 mia-i mia-5 mia-7 x-effect-exit\" data-x-effect=\"{&quot;scroll&quot;:true,&quot;offsetTop&quot;:&quot;10%&quot;,&quot;offsetBottom&quot;:&quot;10%&quot;,&quot;behaviorScroll&quot;:&quot;fire-once&quot;,&quot;animationEnter&quot;:&quot;fadeInDown&quot;,&quot;animationExit&quot;:&quot;rollOut&quot;}\"><div class=\"x-text x-text-headline e658-e16 mia-l mia-m mia-p mia-q mia-s\"><div class=\"x-text-content\"><div class=\"x-text-content-text\"><h1 class=\"x-text-content-text-primary\">Catalogue de formations 25<\/h1>\n<\/div><\/div><\/div><div class=\"x-text x-content e658-e17 mia-u mia-w mia-y\"><ul>\n \t<li>Pr\u00e9venir et g\u00e9rer la violence des usagers<\/li>\n \t<li>Accueillir, accompagner et orienter les auteurs de violence conjugale et familiale (VCF)<\/li>\n \t<li>Accueillir, accompagner et orienter les femmes auteures de VCF<\/li>\n \t<li>L\u2019intervention dans un contexte d\u2019aide contrainte<\/li>\n \t<li>L\u2019intervention de groupe<\/li>\n \t<li>Les enfants expos\u00e9s \u00e0 la violence conjugale et familiale<\/li>\n \t<li>Le suivi de groupe ou individuel aupr\u00e8s des auteur(e)s de VCF<\/li>\n<\/ul><\/div><div class=\"x-text x-text-headline e658-e18 mia-l mia-m mia-p mia-q mia-s\"><div class=\"x-text-content\"><div class=\"x-text-content-text\"><h1 class=\"x-text-content-text-primary\">Formations \u00e0 venir<\/h1>\n<\/div><\/div><\/div><div class=\"x-text x-content e658-e19 mia-u mia-w mia-y\"><ul>\n \t<li><em>La violence conjugale: de la connaissance \u00e0 l\u2019intervention<\/em> (30 septembre au 2 octobre 2019), Perpignan, France.<\/li>\n \t<li><em>La violence au f\u00e9minin (3 et 4 octobre 2019), Perpignan, France.<\/em><\/li>\n \t<li><em>Faire face \u00e0 la souffrance des usager.\u00e8re.s et pr\u00e9venir l\u2019\u00e9puisement<\/em><br><em>professionnel<\/em> (16 au 18 octobre 2019), Perpignan, France.<\/li>\n<\/ul><\/div><\/div><div class=\"x-col e658-e20 mia-i\"><span class=\"x-image e658-e21 mia-z mia-5 mia-8 x-effect-exit\" data-x-effect=\"{&quot;scroll&quot;:true,&quot;offsetTop&quot;:&quot;10%&quot;,&quot;offsetBottom&quot;:&quot;10%&quot;,&quot;behaviorScroll&quot;:&quot;fire-once&quot;,&quot;animationEnter&quot;:&quot;rollIn&quot;,&quot;animationExit&quot;:&quot;rollOut&quot;}\"><img decoding=\"async\" src=\"https:\/\/2026.optionalternative.org\/wp-content\/uploads\/2025\/05\/op128-copy-e1568132515411.png\" width=\"749\" height=\"736\" alt=\"Image\" loading=\"lazy\"><\/span><\/div><\/div><\/div><\/div><div class=\"x-section e658-e22 mia-0 mia-3 mia-4\"><div class=\"x-row x-container max width e658-e23 mia-9 mia-a mia-c mia-g mia-5 mia-6 x-effect-exit\" data-x-effect=\"{&quot;scroll&quot;:true,&quot;offsetTop&quot;:&quot;10%&quot;,&quot;offsetBottom&quot;:&quot;10%&quot;,&quot;behaviorScroll&quot;:&quot;fire-once&quot;,&quot;animationEnter&quot;:&quot;fadeIn&quot;,&quot;animationExit&quot;:&quot;rollOut&quot;}\"><div class=\"x-row-inner\"><div class=\"x-col e658-e24 mia-i\"><div class=\"x-text x-text-headline e658-e25 mia-l mia-m mia-p mia-q mia-s\"><div class=\"x-text-content\"><div class=\"x-text-content-text\"><h1 class=\"x-text-content-text-primary\">S\u00e9minaires cliniques<\/h1>\n<\/div><\/div><\/div><div class=\"x-text x-content e658-e26 mia-u mia-w mia-y\">Les s\u00e9minaires cliniques visent \u00e0 \u00e9tudier un sujet et \u00e0 en discuter en groupe. Ainsi, le\/la formateur(trice) effectue d\u2019abord une br\u00e8ve pr\u00e9sentation de la th\u00e9matique retenue et de ses concepts-cl\u00e9s pour ensuite animer une discussion sur le sujet et des \u00e9changes cliniques.\n\nD\u2019une dur\u00e9e de trois heures, un s\u00e9minaire accueille un maximum de quinze participant(e)s.<\/div><div class=\"x-text x-text-headline e658-e27 mia-l mia-m mia-o mia-q mia-t\"><div class=\"x-text-content\"><div class=\"x-text-content-text\"><h1 class=\"x-text-content-text-primary\">Exemples de th\u00e8mes pouvant \u00eatre abord\u00e9s :<\/h1>\n<\/div><\/div><\/div><div class=\"x-text x-content e658-e28 mia-u mia-w mia-y\"><ul>\n \t<li>La responsabilisation et la violence conjugale<\/li>\n \t<li>Accompagner le changement sans le contr\u00f4ler<\/li>\n \t<li>L\u2019impact de la judiciarisation<\/li>\n \t<li>Les pi\u00e8ges dans l\u2019intervention<\/li>\n \t<li>Le travail aupr\u00e8s des auteurs de violence<\/li>\n \t<li>L\u2019utilisation du cadre et des r\u00e8gles dans l\u2019intervention<\/li>\n \t<li>L\u2019intervention dans un cadre de double probl\u00e9matique<\/li>\n \t<li>Soutenir la personne dans le d\u00e9voilement<\/li>\n \t<li>L\u2019intervention sp\u00e9cifique en maison de transition<\/li>\n \t<li>Doit-on faire la diff\u00e9rence entre le vrai et le faux?<\/li>\n<\/ul><\/div><div class=\"x-text x-content e658-e29 mia-u mia-w mia-y\"><p>En fonction de vos besoins, l\u2019\u00e9quipe de formation vous proposera une formation sur mesure.<br><em>*** Pour plus d\u2019information et pour toutes demandes relatives au service de formation, veuillez contacter le responsable clinique d\u2019Option, Lucie St-Pierre au 514-527-1657 poste 104.<\/em><\/p><\/div><\/div><\/div><\/div><\/div><div class=\"x-section e658-e30 mia-0 mia-3 mia-4\"><div class=\"x-row x-container max width e658-e31 mia-9 mia-a mia-c mia-h\"><div class=\"x-row-inner\"><div class=\"x-col e658-e32 mia-i mia-5 mia-6 x-effect-exit\" data-x-effect=\"{&quot;scroll&quot;:true,&quot;offsetTop&quot;:&quot;10%&quot;,&quot;offsetBottom&quot;:&quot;10%&quot;,&quot;behaviorScroll&quot;:&quot;fire-once&quot;,&quot;animationEnter&quot;:&quot;fadeInDown&quot;,&quot;animationExit&quot;:&quot;rollOut&quot;}\"><div class=\"x-text x-text-headline e658-e33 mia-l mia-m mia-p mia-q mia-s\"><div class=\"x-text-content\"><div class=\"x-text-content-text\"><h1 class=\"x-text-content-text-primary\">Supervision clinique individuelle et de groupe<\/h1>\n<\/div><\/div><\/div><div class=\"x-text x-content e658-e34 mia-u mia-w mia-y\"><p>La supervision clinique est une activit\u00e9 essentielle \u00e0 la pratique professionnelle notamment parce qu\u2019elle permet aux intervenant(e)s de r\u00e9fl\u00e9chir \u00e0 leur pratique et \u00e0 leur identit\u00e9, de d\u00e9nouer des impasses cliniques concernant l\u2019accompagnement et le suivi d\u2019un(e) client(e), d\u2019aborder des questionnements, d\u2019effectuer de nouveaux apprentissages, de se perfectionner, etc. La supervision clinique est \u00e9galement un moyen pour les intervenant(e)s de se sentir \u00e9cout\u00e9(e)s et d\u2019obtenir du soutien dans leur pratique.<\/p>\n<p>Option offre des services de supervision clinique individuelle (aux bureaux d\u2019Option) et de groupe, notamment aux organismes communautaires et aux CIUSSS.<\/p>\n<p><em>*** Pour plus d\u2019information et pour toutes demandes relatives \u00e0 la supervision clinique, veuillez contacter le responsable clinique d\u2019Option, Fran\u00e7ois Lepage au 514-527-1657.<\/em><\/p><\/div><\/div><div class=\"x-col e658-e35 mia-i\"><span class=\"x-image e658-e36 mia-z mia-5 mia-6 x-effect-exit\" data-x-effect=\"{&quot;scroll&quot;:true,&quot;offsetTop&quot;:&quot;10%&quot;,&quot;offsetBottom&quot;:&quot;10%&quot;,&quot;behaviorScroll&quot;:&quot;fire-once&quot;,&quot;animationEnter&quot;:&quot;rollIn&quot;,&quot;animationExit&quot;:&quot;rollOut&quot;}\"><img decoding=\"async\" src=\"https:\/\/2026.optionalternative.org\/wp-content\/uploads\/2025\/05\/op127-copy.png\" width=\"750\" height=\"717\" alt=\"Image\" loading=\"lazy\"><\/span><\/div><\/div><\/div><\/div><\/div>","protected":false},"excerpt":{"rendered":"<p>Training and supervision Je mange des patates Au cours de sa trentaine d\u2019ann\u00e9es d\u2019existence, l\u2019\u00e9quipe d\u2019Option, compos\u00e9e d\u2019intervenant(e)s hautement qualifi\u00e9(e)s, a d\u00e9velopp\u00e9 une expertise dans l\u2019intervention aupr\u00e8s des hommes et des femmes qui exercent de la violence dans leur relation intime et dans leur famille. Dans un souci de faire conna\u00eetre les enjeux de l\u2019intervention aupr\u00e8s de cette client\u00e8le, souvent &#8230; <\/p>\n<div><a href=\"https:\/\/2026.optionalternative.org\/en\/training-and-supervision\/\" class=\"more-link\">Read More<\/a><\/div>\n","protected":false},"author":1,"featured_media":0,"parent":0,"menu_order":0,"comment_status":"closed","ping_status":"closed","template":"template-blank-4.php","meta":{"footnotes":""},"class_list":["post-658","page","type-page","status-publish","hentry","no-post-thumbnail"],"yoast_head":"<!-- This site is optimized with the Yoast SEO plugin v27.2 - https:\/\/yoast.com\/product\/yoast-seo-wordpress\/ -->\n<title>Training and supervision - Option Alternative<\/title>\n<meta name=\"robots\" content=\"index, follow, max-snippet:-1, max-image-preview:large, max-video-preview:-1\" \/>\n<link rel=\"canonical\" href=\"https:\/\/2026.optionalternative.org\/en\/training-and-supervision\/\" \/>\n<meta property=\"og:locale\" content=\"en_US\" \/>\n<meta property=\"og:type\" content=\"article\" \/>\n<meta property=\"og:title\" content=\"Training and supervision - Option Alternative\" \/>\n<meta property=\"og:description\" content=\"Training and supervision Je mange des patates Au cours de sa trentaine d\u2019ann\u00e9es d\u2019existence, l\u2019\u00e9quipe d\u2019Option, compos\u00e9e d\u2019intervenant(e)s hautement qualifi\u00e9(e)s, a d\u00e9velopp\u00e9 une expertise dans l\u2019intervention aupr\u00e8s des hommes et des femmes qui exercent de la violence dans leur relation intime et dans leur famille. Dans un souci de faire conna\u00eetre les enjeux de l\u2019intervention aupr\u00e8s de cette client\u00e8le, souvent ... Read More\" \/>\n<meta property=\"og:url\" content=\"https:\/\/2026.optionalternative.org\/en\/training-and-supervision\/\" \/>\n<meta property=\"og:site_name\" content=\"Option Alternative\" \/>\n<meta property=\"article:modified_time\" content=\"2026-03-03T18:21:04+00:00\" \/>\n<meta property=\"og:image\" content=\"https:\/\/2026.optionalternative.org\/wp-content\/uploads\/2025\/05\/op128-copy-e1568132515411.png\" \/>\n<meta name=\"twitter:card\" content=\"summary_large_image\" \/>\n<meta name=\"twitter:label1\" content=\"Est. reading time\" \/>\n\t<meta name=\"twitter:data1\" content=\"3 minutes\" \/>\n<script type=\"application\/ld+json\" class=\"yoast-schema-graph\">{\"@context\":\"https:\/\/schema.org\",\"@graph\":[{\"@type\":\"WebPage\",\"@id\":\"https:\/\/2026.optionalternative.org\/en\/training-and-supervision\/\",\"url\":\"https:\/\/2026.optionalternative.org\/en\/training-and-supervision\/\",\"name\":\"Training and supervision - Option Alternative\",\"isPartOf\":{\"@id\":\"https:\/\/2026.optionalternative.org\/en\/#website\"},\"primaryImageOfPage\":{\"@id\":\"https:\/\/2026.optionalternative.org\/en\/training-and-supervision\/#primaryimage\"},\"image\":{\"@id\":\"https:\/\/2026.optionalternative.org\/en\/training-and-supervision\/#primaryimage\"},\"thumbnailUrl\":\"https:\/\/2026.optionalternative.org\/wp-content\/uploads\/2025\/05\/op128-copy-e1568132515411.png\",\"datePublished\":\"2025-05-12T18:26:59+00:00\",\"dateModified\":\"2026-03-03T18:21:04+00:00\",\"breadcrumb\":{\"@id\":\"https:\/\/2026.optionalternative.org\/en\/training-and-supervision\/#breadcrumb\"},\"inLanguage\":\"en-US\",\"potentialAction\":[{\"@type\":\"ReadAction\",\"target\":[\"https:\/\/2026.optionalternative.org\/en\/training-and-supervision\/\"]}]},{\"@type\":\"ImageObject\",\"inLanguage\":\"en-US\",\"@id\":\"https:\/\/2026.optionalternative.org\/en\/training-and-supervision\/#primaryimage\",\"url\":\"https:\/\/2026.optionalternative.org\/wp-content\/uploads\/2025\/05\/op128-copy-e1568132515411.png\",\"contentUrl\":\"https:\/\/2026.optionalternative.org\/wp-content\/uploads\/2025\/05\/op128-copy-e1568132515411.png\"},{\"@type\":\"BreadcrumbList\",\"@id\":\"https:\/\/2026.optionalternative.org\/en\/training-and-supervision\/#breadcrumb\",\"itemListElement\":[{\"@type\":\"ListItem\",\"position\":1,\"name\":\"Accueil\",\"item\":\"https:\/\/2026.optionalternative.org\/en\/sample-page-2\/\"},{\"@type\":\"ListItem\",\"position\":2,\"name\":\"Training and supervision\"}]},{\"@type\":\"WebSite\",\"@id\":\"https:\/\/2026.optionalternative.org\/en\/#website\",\"url\":\"https:\/\/2026.optionalternative.org\/en\/\",\"name\":\"Option Alternative\",\"description\":\"Option Alternative\",\"potentialAction\":[{\"@type\":\"SearchAction\",\"target\":{\"@type\":\"EntryPoint\",\"urlTemplate\":\"https:\/\/2026.optionalternative.org\/en\/?s={search_term_string}\"},\"query-input\":{\"@type\":\"PropertyValueSpecification\",\"valueRequired\":true,\"valueName\":\"search_term_string\"}}],\"inLanguage\":\"en-US\"}]}<\/script>\n<!-- \/ Yoast SEO plugin. -->","yoast_head_json":{"title":"Training and supervision - Option Alternative","robots":{"index":"index","follow":"follow","max-snippet":"max-snippet:-1","max-image-preview":"max-image-preview:large","max-video-preview":"max-video-preview:-1"},"canonical":"https:\/\/2026.optionalternative.org\/en\/training-and-supervision\/","og_locale":"en_US","og_type":"article","og_title":"Training and supervision - Option Alternative","og_description":"Training and supervision Je mange des patates Au cours de sa trentaine d\u2019ann\u00e9es d\u2019existence, l\u2019\u00e9quipe d\u2019Option, compos\u00e9e d\u2019intervenant(e)s hautement qualifi\u00e9(e)s, a d\u00e9velopp\u00e9 une expertise dans l\u2019intervention aupr\u00e8s des hommes et des femmes qui exercent de la violence dans leur relation intime et dans leur famille. Dans un souci de faire conna\u00eetre les enjeux de l\u2019intervention aupr\u00e8s de cette client\u00e8le, souvent ... Read More","og_url":"https:\/\/2026.optionalternative.org\/en\/training-and-supervision\/","og_site_name":"Option Alternative","article_modified_time":"2026-03-03T18:21:04+00:00","og_image":[{"url":"https:\/\/2026.optionalternative.org\/wp-content\/uploads\/2025\/05\/op128-copy-e1568132515411.png","type":"","width":"","height":""}],"twitter_card":"summary_large_image","twitter_misc":{"Est. reading time":"3 minutes"},"schema":{"@context":"https:\/\/schema.org","@graph":[{"@type":"WebPage","@id":"https:\/\/2026.optionalternative.org\/en\/training-and-supervision\/","url":"https:\/\/2026.optionalternative.org\/en\/training-and-supervision\/","name":"Training and supervision - Option Alternative","isPartOf":{"@id":"https:\/\/2026.optionalternative.org\/en\/#website"},"primaryImageOfPage":{"@id":"https:\/\/2026.optionalternative.org\/en\/training-and-supervision\/#primaryimage"},"image":{"@id":"https:\/\/2026.optionalternative.org\/en\/training-and-supervision\/#primaryimage"},"thumbnailUrl":"https:\/\/2026.optionalternative.org\/wp-content\/uploads\/2025\/05\/op128-copy-e1568132515411.png","datePublished":"2025-05-12T18:26:59+00:00","dateModified":"2026-03-03T18:21:04+00:00","breadcrumb":{"@id":"https:\/\/2026.optionalternative.org\/en\/training-and-supervision\/#breadcrumb"},"inLanguage":"en-US","potentialAction":[{"@type":"ReadAction","target":["https:\/\/2026.optionalternative.org\/en\/training-and-supervision\/"]}]},{"@type":"ImageObject","inLanguage":"en-US","@id":"https:\/\/2026.optionalternative.org\/en\/training-and-supervision\/#primaryimage","url":"https:\/\/2026.optionalternative.org\/wp-content\/uploads\/2025\/05\/op128-copy-e1568132515411.png","contentUrl":"https:\/\/2026.optionalternative.org\/wp-content\/uploads\/2025\/05\/op128-copy-e1568132515411.png"},{"@type":"BreadcrumbList","@id":"https:\/\/2026.optionalternative.org\/en\/training-and-supervision\/#breadcrumb","itemListElement":[{"@type":"ListItem","position":1,"name":"Accueil","item":"https:\/\/2026.optionalternative.org\/en\/sample-page-2\/"},{"@type":"ListItem","position":2,"name":"Training and supervision"}]},{"@type":"WebSite","@id":"https:\/\/2026.optionalternative.org\/en\/#website","url":"https:\/\/2026.optionalternative.org\/en\/","name":"Option Alternative","description":"Option Alternative","potentialAction":[{"@type":"SearchAction","target":{"@type":"EntryPoint","urlTemplate":"https:\/\/2026.optionalternative.org\/en\/?s={search_term_string}"},"query-input":{"@type":"PropertyValueSpecification","valueRequired":true,"valueName":"search_term_string"}}],"inLanguage":"en-US"}]}},"_links":{"self":[{"href":"https:\/\/2026.optionalternative.org\/en\/wp-json\/wp\/v2\/pages\/658","targetHints":{"allow":["GET"]}}],"collection":[{"href":"https:\/\/2026.optionalternative.org\/en\/wp-json\/wp\/v2\/pages"}],"about":[{"href":"https:\/\/2026.optionalternative.org\/en\/wp-json\/wp\/v2\/types\/page"}],"author":[{"embeddable":true,"href":"https:\/\/2026.optionalternative.org\/en\/wp-json\/wp\/v2\/users\/1"}],"replies":[{"embeddable":true,"href":"https:\/\/2026.optionalternative.org\/en\/wp-json\/wp\/v2\/comments?post=658"}],"version-history":[{"count":11,"href":"https:\/\/2026.optionalternative.org\/en\/wp-json\/wp\/v2\/pages\/658\/revisions"}],"predecessor-version":[{"id":670,"href":"https:\/\/2026.optionalternative.org\/en\/wp-json\/wp\/v2\/pages\/658\/revisions\/670"}],"wp:attachment":[{"href":"https:\/\/2026.optionalternative.org\/en\/wp-json\/wp\/v2\/media?parent=658"}],"curies":[{"name":"wp","href":"https:\/\/api.w.org\/{rel}","templated":true}]}}