{"id":710,"date":"2026-03-10T17:05:36","date_gmt":"2026-03-10T17:05:36","guid":{"rendered":"https:\/\/2026.optionalternative.org\/become-member\/"},"modified":"2026-03-31T14:14:06","modified_gmt":"2026-03-31T14:14:06","slug":"become-member","status":"publish","type":"page","link":"https:\/\/2026.optionalternative.org\/en\/become-member\/","title":{"rendered":"Become member"},"content":{"rendered":"<div id=\"cs-content\" class=\"cs-content\"><div class=\"x-section e710-e1 mjq-0\"><div class=\"x-row x-container max width e710-e2 mjq-2 mjq-3 mjq-4 mjq-5 mjq-9 mjq-a\"><div class=\"x-row-inner\"><div class=\"x-col e710-e3 mjq-e mjq-1 x-effect-exit\" data-x-effect=\"{&quot;scroll&quot;:true,&quot;offsetTop&quot;:&quot;10%&quot;,&quot;offsetBottom&quot;:&quot;10%&quot;,&quot;behaviorScroll&quot;:&quot;fire-once&quot;,&quot;animationEnter&quot;:&quot;fadeIn&quot;,&quot;animationExit&quot;:&quot;rollOut&quot;}\"><div class=\"x-text x-text-headline e710-e4 mjq-f mjq-1 x-effect-exit\" data-x-effect=\"{&quot;scroll&quot;:true,&quot;offsetTop&quot;:&quot;10%&quot;,&quot;offsetBottom&quot;:&quot;10%&quot;,&quot;behaviorScroll&quot;:&quot;fire-once&quot;,&quot;animationEnter&quot;:&quot;fadeInUp&quot;,&quot;animationExit&quot;:&quot;rollOut&quot;}\"><div class=\"x-text-content\"><div class=\"x-text-content-text\"><h1 class=\"x-text-content-text-primary\">become member<\/h1>\n<\/div><\/div><\/div><div class=\"x-text x-content e710-e5 mjq-g mjq-h\"><div><b>JE MANIFESTE MON INT\u00c9R\u00caT \u00c0 DEVENIR MEMBRE D'OPTION, ET M'ENGAGE \u00c0 RESPECTER LA MISSION, LES VALEURS ET LES OBJECTIFS COMMUNS DE L'ORGANISME<\/b><\/div>\n<div>\n<ol>\n \t<li>Offrir des services aux hommes et aux femmes aux prises avec des comportements violents en vue de modifier leurs agirs;<\/li>\n \t<li>Pr\u00e9venir l\u2019apparition et le d\u00e9veloppement de la violence conjugale et\/ou familiale;<\/li>\n \t<li>Promouvoir le d\u00e9veloppement de programmes d\u2019information, de formation et d\u2019\u00e9ducation aupr\u00e8s de tous ceux et celles concern\u00e9s par la probl\u00e9matique de la violence conjugale et\u00a0familiale;<\/li>\n \t<li>Travailler \u00e0 la responsabilisation des auteurs de violence conjugale et\/ou familiale.<\/li>\n<\/ol>\n<\/div><\/div><\/div><\/div><\/div><div class=\"x-row x-container max width e710-e6 mjq-2 mjq-3 mjq-6 mjq-7 mjq-9 mjq-b\"><div class=\"x-row-inner\"><div class=\"x-col e710-e7 mjq-e mjq-1 x-effect-exit\" data-x-effect=\"{&quot;scroll&quot;:true,&quot;offsetTop&quot;:&quot;10%&quot;,&quot;offsetBottom&quot;:&quot;10%&quot;,&quot;behaviorScroll&quot;:&quot;fire-once&quot;,&quot;animationEnter&quot;:&quot;fadeIn&quot;,&quot;animationExit&quot;:&quot;rollOut&quot;}\"><div class=\"x-text x-text-headline e710-e8 mjq-f mjq-1 x-effect-exit\" data-x-effect=\"{&quot;scroll&quot;:true,&quot;offsetTop&quot;:&quot;10%&quot;,&quot;offsetBottom&quot;:&quot;10%&quot;,&quot;behaviorScroll&quot;:&quot;fire-once&quot;,&quot;animationEnter&quot;:&quot;fadeInUp&quot;,&quot;animationExit&quot;:&quot;rollOut&quot;}\"><div class=\"x-text-content\"><div class=\"x-text-content-text\"><h1 class=\"x-text-content-text-primary\">cat&eacute;gories de membre<\/h1>\n<\/div><\/div><\/div><div class=\"x-text x-content e710-e9 mjq-g mjq-h\"><p><b>Tous les membres, actifs et solidaires, adh&egrave;rent &agrave; la mission, aux objectifs et valeurs de l'organisme.&nbsp;<\/b><\/p><\/div><\/div><\/div><\/div><div class=\"x-row x-container max width e710-e10 mjq-2 mjq-7 mjq-8 mjq-9 mjq-c\"><div class=\"x-row-inner\"><div class=\"x-col e710-e11 mjq-e mjq-1 x-effect-exit\" data-x-effect=\"{&quot;scroll&quot;:true,&quot;offsetTop&quot;:&quot;10%&quot;,&quot;offsetBottom&quot;:&quot;10%&quot;,&quot;behaviorScroll&quot;:&quot;fire-once&quot;,&quot;animationEnter&quot;:&quot;fadeIn&quot;,&quot;animationExit&quot;:&quot;rollOut&quot;}\"><div class=\"x-text x-content e710-e12 mjq-g mjq-h\"><div>\n<p><b>Membres actifs<\/b><b>&nbsp;:<\/b><i>&nbsp;<br \/><\/i><b>-<\/b>&nbsp;Des membres de la communaut&eacute; et partenaires;<br \/><b>-<\/b>&nbsp;Des participants ayant termin&eacute; depuis un minimum d'un an une d&eacute;marche aupr&egrave;s de l'organisme;<br \/><b>-<\/b>&nbsp;Des employ&eacute;s n'ayant plus de lien d'emploi avec l'organisme depuis un minimum d'un an;<br \/><b>-<\/b>&nbsp;Droits et responsabilit&eacute;s :<br \/>Ceux-ci ont le droit de parole et de vote lors des assembl&eacute;es g&eacute;n&eacute;rales annuelles et&nbsp;sp&eacute;ciales de la Corporation. Ils ont aussi le droit d'&ecirc;tre &eacute;lus au conseil d'administration.<\/p>\n<\/div><\/div><\/div><div class=\"x-col e710-e13 mjq-e mjq-1 x-effect-exit\" data-x-effect=\"{&quot;scroll&quot;:true,&quot;offsetTop&quot;:&quot;10%&quot;,&quot;offsetBottom&quot;:&quot;10%&quot;,&quot;behaviorScroll&quot;:&quot;fire-once&quot;,&quot;animationEnter&quot;:&quot;fadeIn&quot;,&quot;animationExit&quot;:&quot;rollOut&quot;}\"><div class=\"x-text x-content e710-e14 mjq-g mjq-h\"><div>\n<div>\n<div><b>Membres solidaires :&nbsp;<\/b><\/div>\n<\/div>\n<div><b>-<\/b>&nbsp;Des participants recevant des services actifs au moment des assembl&eacute;es;<br \/><b>-<\/b>&nbsp;Des participants ayant termin&eacute; leur d&eacute;marche depuis moins d'un an et d&eacute;sirant maintenir leur lien avec l'organisme;<br \/><b>-<\/b>&nbsp;Des employ&eacute;s de l'organisme;&nbsp;<br \/><b>-&nbsp;<\/b>Droits et responsabilit&eacute;s :&nbsp;<br \/>Ceux-ci ont le droit de parole, mais pas le droit de vote lors des assembl&eacute;es g&eacute;n&eacute;rales&nbsp;annuelles et sp&eacute;ciales de la Corporation. Ils n'ont pas le droit d'&ecirc;tre &eacute;lus au conseil&nbsp;d'administration &agrave; part pour le poste r&eacute;serv&eacute; &agrave; un d&eacute;l&eacute;gu&eacute; des employ&eacute;s.<\/div>\n<\/div><\/div><\/div><\/div><\/div><div class=\"x-row x-container max width e710-e15 mjq-2 mjq-3 mjq-4 mjq-7 mjq-9 mjq-d\"><div class=\"x-row-inner\"><div class=\"x-col e710-e16 mjq-e mjq-1 x-effect-exit\" data-x-effect=\"{&quot;scroll&quot;:true,&quot;offsetTop&quot;:&quot;10%&quot;,&quot;offsetBottom&quot;:&quot;10%&quot;,&quot;behaviorScroll&quot;:&quot;fire-once&quot;,&quot;animationEnter&quot;:&quot;fadeIn&quot;,&quot;animationExit&quot;:&quot;rollOut&quot;}\"><div class=\"x-text x-content e710-e17 mjq-g mjq-h\"><b>INFORMATIONS REQUISES POUR L'ADH\u00c9SION OU LE RENOUVELLEMENT<\/b><\/div><div class=\"x-text x-content e710-e18 mjq-h mjq-i\"><div id='formContainer399040084' class='sfForm rednaoFormContainer SfFormElementContainer bootstrap-wrapper'><\/div><script>\n            var ajaxurl = 'https:\/\/2026.optionalternative.org\/wp-admin\/admin-ajax.php';\n            var smartFormsCurrentTime=new Date('Thu Apr 23 2026 13:36:38 +0000');\n            \tvar smartFormsSaveNonce=\"820f8457cd\";\n            \tvar smartFormsUserName=\"\";\n            \tvar smartFormsFirstName=\"\";\n            \tvar smartFormsLastName=\"\";\n            \tvar smartFormsEmail=\"\";\n                var smartFormsPath=\"https:\/\/2026.optionalternative.org\/wp-content\/plugins\/smart-forms\/\";\n                var smartDonationsRootPath=\"\";\n                var smartDonationsSandbox=\"\";\n                var smartFormsAdditionalFields4=[{\"id\":\"rednaorecaptcha2\"}];\n                var smartFormsDesignMode=false;\n                if(!window.smartFormsItemsToLoad)\n                    window.smartFormsItemsToLoad=new Array();                                                   \n        <\/script><\/div><\/div><\/div><\/div><\/div><\/div>","protected":false},"excerpt":{"rendered":"<p>become member JE MANIFESTE MON INT\u00c9R\u00caT \u00c0 DEVENIR MEMBRE D&#8217;OPTION, ET M&#8217;ENGAGE \u00c0 RESPECTER LA MISSION, LES VALEURS ET LES OBJECTIFS COMMUNS DE L&#8217;ORGANISME Offrir des services aux hommes et aux femmes aux prises avec des comportements violents en vue de modifier leurs agirs; Pr\u00e9venir l\u2019apparition et le d\u00e9veloppement de la violence conjugale et\/ou familiale; Promouvoir le d\u00e9veloppement de programmes &#8230; <\/p>\n<div><a href=\"https:\/\/2026.optionalternative.org\/en\/become-member\/\" class=\"more-link\">Read More<\/a><\/div>\n","protected":false},"author":1,"featured_media":0,"parent":0,"menu_order":0,"comment_status":"closed","ping_status":"closed","template":"template-blank-4.php","meta":{"footnotes":""},"class_list":["post-710","page","type-page","status-publish","hentry","no-post-thumbnail"],"yoast_head":"<!-- This site is optimized with the Yoast SEO plugin v27.2 - https:\/\/yoast.com\/product\/yoast-seo-wordpress\/ -->\n<title>Become member - Option Alternative<\/title>\n<meta name=\"robots\" content=\"index, follow, max-snippet:-1, max-image-preview:large, max-video-preview:-1\" \/>\n<link rel=\"canonical\" href=\"https:\/\/2026.optionalternative.org\/en\/become-member\/\" \/>\n<meta property=\"og:locale\" content=\"en_US\" \/>\n<meta property=\"og:type\" content=\"article\" \/>\n<meta property=\"og:title\" content=\"Become member - Option Alternative\" \/>\n<meta property=\"og:description\" content=\"become member JE MANIFESTE MON INT\u00c9R\u00caT \u00c0 DEVENIR MEMBRE D&#039;OPTION, ET M&#039;ENGAGE \u00c0 RESPECTER LA MISSION, LES VALEURS ET LES OBJECTIFS COMMUNS DE L&#039;ORGANISME Offrir des services aux hommes et aux femmes aux prises avec des comportements violents en vue de modifier leurs agirs; Pr\u00e9venir l\u2019apparition et le d\u00e9veloppement de la violence conjugale et\/ou familiale; Promouvoir le d\u00e9veloppement de programmes ... Read More\" \/>\n<meta property=\"og:url\" content=\"https:\/\/2026.optionalternative.org\/en\/become-member\/\" \/>\n<meta property=\"og:site_name\" content=\"Option Alternative\" \/>\n<meta property=\"article:modified_time\" content=\"2026-03-31T14:14:06+00:00\" \/>\n<meta name=\"twitter:card\" content=\"summary_large_image\" \/>\n<meta name=\"twitter:label1\" content=\"Est. reading time\" \/>\n\t<meta name=\"twitter:data1\" content=\"2 minutes\" \/>\n<script type=\"application\/ld+json\" class=\"yoast-schema-graph\">{\"@context\":\"https:\/\/schema.org\",\"@graph\":[{\"@type\":\"WebPage\",\"@id\":\"https:\/\/2026.optionalternative.org\/en\/become-member\/\",\"url\":\"https:\/\/2026.optionalternative.org\/en\/become-member\/\",\"name\":\"Become member - Option Alternative\",\"isPartOf\":{\"@id\":\"https:\/\/2026.optionalternative.org\/en\/#website\"},\"datePublished\":\"2026-03-10T17:05:36+00:00\",\"dateModified\":\"2026-03-31T14:14:06+00:00\",\"breadcrumb\":{\"@id\":\"https:\/\/2026.optionalternative.org\/en\/become-member\/#breadcrumb\"},\"inLanguage\":\"en-US\",\"potentialAction\":[{\"@type\":\"ReadAction\",\"target\":[\"https:\/\/2026.optionalternative.org\/en\/become-member\/\"]}]},{\"@type\":\"BreadcrumbList\",\"@id\":\"https:\/\/2026.optionalternative.org\/en\/become-member\/#breadcrumb\",\"itemListElement\":[{\"@type\":\"ListItem\",\"position\":1,\"name\":\"Accueil\",\"item\":\"https:\/\/2026.optionalternative.org\/en\/sample-page-2\/\"},{\"@type\":\"ListItem\",\"position\":2,\"name\":\"Become member\"}]},{\"@type\":\"WebSite\",\"@id\":\"https:\/\/2026.optionalternative.org\/en\/#website\",\"url\":\"https:\/\/2026.optionalternative.org\/en\/\",\"name\":\"Option Alternative\",\"description\":\"Option Alternative\",\"potentialAction\":[{\"@type\":\"SearchAction\",\"target\":{\"@type\":\"EntryPoint\",\"urlTemplate\":\"https:\/\/2026.optionalternative.org\/en\/?s={search_term_string}\"},\"query-input\":{\"@type\":\"PropertyValueSpecification\",\"valueRequired\":true,\"valueName\":\"search_term_string\"}}],\"inLanguage\":\"en-US\"}]}<\/script>\n<!-- \/ Yoast SEO plugin. -->","yoast_head_json":{"title":"Become member - Option Alternative","robots":{"index":"index","follow":"follow","max-snippet":"max-snippet:-1","max-image-preview":"max-image-preview:large","max-video-preview":"max-video-preview:-1"},"canonical":"https:\/\/2026.optionalternative.org\/en\/become-member\/","og_locale":"en_US","og_type":"article","og_title":"Become member - Option Alternative","og_description":"become member JE MANIFESTE MON INT\u00c9R\u00caT \u00c0 DEVENIR MEMBRE D'OPTION, ET M'ENGAGE \u00c0 RESPECTER LA MISSION, LES VALEURS ET LES OBJECTIFS COMMUNS DE L'ORGANISME Offrir des services aux hommes et aux femmes aux prises avec des comportements violents en vue de modifier leurs agirs; Pr\u00e9venir l\u2019apparition et le d\u00e9veloppement de la violence conjugale et\/ou familiale; Promouvoir le d\u00e9veloppement de programmes ... Read More","og_url":"https:\/\/2026.optionalternative.org\/en\/become-member\/","og_site_name":"Option Alternative","article_modified_time":"2026-03-31T14:14:06+00:00","twitter_card":"summary_large_image","twitter_misc":{"Est. reading time":"2 minutes"},"schema":{"@context":"https:\/\/schema.org","@graph":[{"@type":"WebPage","@id":"https:\/\/2026.optionalternative.org\/en\/become-member\/","url":"https:\/\/2026.optionalternative.org\/en\/become-member\/","name":"Become member - Option Alternative","isPartOf":{"@id":"https:\/\/2026.optionalternative.org\/en\/#website"},"datePublished":"2026-03-10T17:05:36+00:00","dateModified":"2026-03-31T14:14:06+00:00","breadcrumb":{"@id":"https:\/\/2026.optionalternative.org\/en\/become-member\/#breadcrumb"},"inLanguage":"en-US","potentialAction":[{"@type":"ReadAction","target":["https:\/\/2026.optionalternative.org\/en\/become-member\/"]}]},{"@type":"BreadcrumbList","@id":"https:\/\/2026.optionalternative.org\/en\/become-member\/#breadcrumb","itemListElement":[{"@type":"ListItem","position":1,"name":"Accueil","item":"https:\/\/2026.optionalternative.org\/en\/sample-page-2\/"},{"@type":"ListItem","position":2,"name":"Become member"}]},{"@type":"WebSite","@id":"https:\/\/2026.optionalternative.org\/en\/#website","url":"https:\/\/2026.optionalternative.org\/en\/","name":"Option Alternative","description":"Option Alternative","potentialAction":[{"@type":"SearchAction","target":{"@type":"EntryPoint","urlTemplate":"https:\/\/2026.optionalternative.org\/en\/?s={search_term_string}"},"query-input":{"@type":"PropertyValueSpecification","valueRequired":true,"valueName":"search_term_string"}}],"inLanguage":"en-US"}]}},"_links":{"self":[{"href":"https:\/\/2026.optionalternative.org\/en\/wp-json\/wp\/v2\/pages\/710","targetHints":{"allow":["GET"]}}],"collection":[{"href":"https:\/\/2026.optionalternative.org\/en\/wp-json\/wp\/v2\/pages"}],"about":[{"href":"https:\/\/2026.optionalternative.org\/en\/wp-json\/wp\/v2\/types\/page"}],"author":[{"embeddable":true,"href":"https:\/\/2026.optionalternative.org\/en\/wp-json\/wp\/v2\/users\/1"}],"replies":[{"embeddable":true,"href":"https:\/\/2026.optionalternative.org\/en\/wp-json\/wp\/v2\/comments?post=710"}],"version-history":[{"count":11,"href":"https:\/\/2026.optionalternative.org\/en\/wp-json\/wp\/v2\/pages\/710\/revisions"}],"predecessor-version":[{"id":729,"href":"https:\/\/2026.optionalternative.org\/en\/wp-json\/wp\/v2\/pages\/710\/revisions\/729"}],"wp:attachment":[{"href":"https:\/\/2026.optionalternative.org\/en\/wp-json\/wp\/v2\/media?parent=710"}],"curies":[{"name":"wp","href":"https:\/\/api.w.org\/{rel}","templated":true}]}}